{"id":5852,"date":"2025-11-17T22:22:33","date_gmt":"2025-11-17T21:22:33","guid":{"rendered":"https:\/\/tyrving.idrett.no\/10\/o\/?page_id=5852"},"modified":"2026-04-17T19:59:19","modified_gmt":"2026-04-17T18:59:19","slug":"nyheter","status":"publish","type":"page","link":"https:\/\/tyrving.idrett.no\/10\/o\/veteranmesterskapet\/nyheter\/","title":{"rendered":"Nyheter"},"content":{"rendered":"<p style=\"font-weight: 400;\"><strong>Innbydelsen er klar og p\u00e5meldingen er \u00e5pnet<\/strong><\/p>\n<p style=\"font-weight: 400;\">Da har vi den gledelige nyhet at innbydelsen n\u00e5 er publisert og p\u00e5meldingen er \u00e5pnet i eventor.<\/p>\n<p style=\"font-weight: 400;\">Vi har lagt inn en \u00abearly bird\u00bb frist 1.juni med 10% redusert p\u00e5meldingsavgift \u2013 s\u00e5 det er ingenting \u00e5 lure p\u00e5 \u2013 meld deg likegodt p\u00e5 med en gang!<\/p>\n<p style=\"font-weight: 400;\"><strong>Lenker til innbydelse og p\u00e5melding<\/strong><\/p>\n<p style=\"font-weight: 400;\">P\u00e5melding sprint fredag:\u00a0<strong><a href=\"https:\/\/eventor.orientering.no\/Events\/Show\/22447\" data-saferedirecturl=\"https:\/\/www.google.com\/url?q=https:\/\/eventor.orientering.no\/Events\/Show\/22447&amp;source=gmail&amp;ust=1776538176298000&amp;usg=AOvVaw3LHOhCY42b5wz17QmkEmVA\">https:\/\/eventor.orientering.no\/Events\/Show\/22447<\/a><\/strong><\/p>\n<p style=\"font-weight: 400;\">P\u00e5melding lang l\u00f8rdag:\u00a0<strong><a href=\"https:\/\/eventor.orientering.no\/Events\/Show\/22448\" data-saferedirecturl=\"https:\/\/www.google.com\/url?q=https:\/\/eventor.orientering.no\/Events\/Show\/22448&amp;source=gmail&amp;ust=1776538176298000&amp;usg=AOvVaw27oLKFRNLGIHctdAfYzijC\">https:\/\/eventor.orientering.no\/Events\/Show\/22448<\/a><\/strong><\/p>\n<p style=\"font-weight: 400;\">P\u00e5melding mellom s\u00f8ndag:\u00a0<strong><a href=\"https:\/\/eventor.orientering.no\/Events\/Show\/22449\" data-saferedirecturl=\"https:\/\/www.google.com\/url?q=https:\/\/eventor.orientering.no\/Events\/Show\/22449&amp;source=gmail&amp;ust=1776538176298000&amp;usg=AOvVaw0AxX47BE9LNSOv2TEBv9Lr\">https:\/\/eventor.orientering.no\/Events\/Show\/22449<\/a><\/strong><\/p>\n<p>&#8212;&#8212;&#8212;&#8212;&#8212;&#8212;&#8212;&#8212;&#8212;&#8212;&#8212;&#8212;&#8212;&#8212;&#8212;&#8212;&#8212;&#8212;&#8212;&#8212;&#8212;&#8212;&#8212;&#8212;&#8212;&#8212;&#8212;&#8212;&#8212;&#8212;&#8212;&#8212;&#8212;&#8212;&#8212;&#8212;&#8212;&#8212;&#8212;&#8212;&#8212;&#8212;&#8212;&#8211;<\/p>\n<p><strong>Runes O-utstyr finner du p\u00e5 arenaene for Veteranmesterskapet<\/strong><\/p>\n<p>I forbindelse med Veteranmesterskapet har Tyrving inng\u00e5tt en avtale med Runes O-utstyr. Runes butikk finner du p\u00e5 arena alle dager og her kan du kj\u00f8pe alt i utstyr til orientering og l\u00f8p.<\/p>\n<p>Skulle du allerede n\u00e5 trenge o-utstyr er det bare \u00e5 g\u00e5 inn her: <a href=\"https:\/\/www.outstyr.no\/\">https:\/\/www.outstyr.no\/<\/a><\/p>\n<p><a href=\"https:\/\/tyrving.idrett.no\/10\/o\/files\/2026\/02\/RunesOUtstyr.png\"><img decoding=\"async\" loading=\"lazy\" class=\"aligncenter wp-image-5941\" src=\"https:\/\/tyrving.idrett.no\/10\/o\/files\/2026\/02\/RunesOUtstyr.png\" alt=\"\" width=\"421\" height=\"263\" srcset=\"https:\/\/tyrving.idrett.no\/10\/o\/files\/2026\/02\/RunesOUtstyr.png 904w, https:\/\/tyrving.idrett.no\/10\/o\/files\/2026\/02\/RunesOUtstyr-300x187.png 300w, https:\/\/tyrving.idrett.no\/10\/o\/files\/2026\/02\/RunesOUtstyr-150x94.png 150w, https:\/\/tyrving.idrett.no\/10\/o\/files\/2026\/02\/RunesOUtstyr-768x479.png 768w, https:\/\/tyrving.idrett.no\/10\/o\/files\/2026\/02\/RunesOUtstyr-600x374.png 600w\" sizes=\"(max-width: 421px) 100vw, 421px\" \/><\/a><\/p>\n<p>&#8212;&#8212;&#8212;&#8212;&#8212;&#8212;&#8212;&#8212;&#8212;&#8212;&#8212;&#8212;&#8212;&#8212;&#8212;&#8212;&#8212;&#8212;&#8212;&#8212;&#8212;&#8212;&#8212;&#8212;&#8212;&#8212;&#8212;&#8212;&#8212;&#8212;&#8212;&#8212;&#8212;&#8212;&#8212;&#8212;&#8212;&#8212;&#8212;&#8212;&#8212;&#8212;&#8212;&#8211;<\/p>\n<p><strong>Sundvolden blir Veteran NM-hotell<\/strong><\/p>\n<p style=\"font-weight: 400;\">I forbindelse med Veteran NM har Tyrving inng\u00e5tt en avtale med Sundvolden Hotell som blir offisielt NM hotell. Sundvolden hotell er plassert veldig fint i forhold til Veteran NM i n\u00e6rhet av skogsterrenget.<\/p>\n<p style=\"font-weight: 400;\">Du f\u00e5r rabatert pris p\u00e5 rom i NM-helgen via f\u00f8lgende link: <a href=\"https:\/\/event.checkin.no\/209071\/veteranmesterskap-i-orientering-overnatting-pa-sundvolden-hotel\" data-saferedirecturl=\"https:\/\/www.google.com\/url?q=https:\/\/event.checkin.no\/209071\/veteranmesterskap-i-orientering-overnatting-pa-sundvolden-hotel&amp;source=gmail&amp;ust=1764923890127000&amp;usg=AOvVaw0gjAptAPAsWKGElEYOLuCC\">https:\/\/event.checkin.no\/209071\/veteranmesterskap-i-orientering-overnatting-pa-sundvolden-hotel<\/a><\/p>\n<p><img decoding=\"async\" loading=\"lazy\" class=\" wp-image-5915 aligncenter\" src=\"https:\/\/tyrving.idrett.no\/10\/o\/files\/2025\/12\/Sundvolden_bilde-782x1024.png\" alt=\"\" width=\"447\" height=\"586\" srcset=\"https:\/\/tyrving.idrett.no\/10\/o\/files\/2025\/12\/Sundvolden_bilde-782x1024.png 782w, https:\/\/tyrving.idrett.no\/10\/o\/files\/2025\/12\/Sundvolden_bilde-229x300.png 229w, https:\/\/tyrving.idrett.no\/10\/o\/files\/2025\/12\/Sundvolden_bilde-115x150.png 115w, https:\/\/tyrving.idrett.no\/10\/o\/files\/2025\/12\/Sundvolden_bilde-768x1005.png 768w, https:\/\/tyrving.idrett.no\/10\/o\/files\/2025\/12\/Sundvolden_bilde-600x785.png 600w, https:\/\/tyrving.idrett.no\/10\/o\/files\/2025\/12\/Sundvolden_bilde.png 816w\" sizes=\"(max-width: 447px) 100vw, 447px\" \/><\/p>\n<p>&#8212;&#8212;&#8212;&#8212;&#8212;&#8212;&#8212;&#8212;&#8212;&#8212;&#8212;&#8212;&#8212;&#8212;&#8212;&#8212;&#8212;&#8212;&#8212;&#8212;&#8212;&#8212;&#8212;&#8212;&#8212;&#8212;&#8212;&#8212;&#8212;&#8212;&#8212;&#8212;&#8212;&#8212;&#8212;&#8212;&#8212;&#8212;&#8212;&#8212;&#8212;&#8212;&#8212;&#8211;<\/p>\n<p>Velkommen til Rud og L\u00f8vlia 11.-13. september 2026.<\/p>\n<p><a href=\"https:\/\/tyrving.idrett.no\/10\/o\/files\/2025\/11\/Innbydelse-Veteranmesterskapet-2026-scaled.jpg\"><img decoding=\"async\" loading=\"lazy\" class=\"aligncenter wp-image-5887\" src=\"https:\/\/tyrving.idrett.no\/10\/o\/files\/2025\/11\/Innbydelse-Veteranmesterskapet-2026-scaled.jpg\" alt=\"Innbydelse Veteranmesterskapet 2026\" width=\"366\" height=\"518\" \/><\/a><\/p>\n","protected":false},"excerpt":{"rendered":"<p>&#8230;<\/p>\n","protected":false},"author":40,"featured_media":0,"parent":5843,"menu_order":0,"comment_status":"closed","ping_status":"closed","template":"","meta":{"footnotes":""},"jetpack_sharing_enabled":true,"_links":{"self":[{"href":"https:\/\/tyrving.idrett.no\/10\/o\/wp-json\/wp\/v2\/pages\/5852"}],"collection":[{"href":"https:\/\/tyrving.idrett.no\/10\/o\/wp-json\/wp\/v2\/pages"}],"about":[{"href":"https:\/\/tyrving.idrett.no\/10\/o\/wp-json\/wp\/v2\/types\/page"}],"author":[{"embeddable":true,"href":"https:\/\/tyrving.idrett.no\/10\/o\/wp-json\/wp\/v2\/users\/40"}],"replies":[{"embeddable":true,"href":"https:\/\/tyrving.idrett.no\/10\/o\/wp-json\/wp\/v2\/comments?post=5852"}],"version-history":[{"count":18,"href":"https:\/\/tyrving.idrett.no\/10\/o\/wp-json\/wp\/v2\/pages\/5852\/revisions"}],"predecessor-version":[{"id":6001,"href":"https:\/\/tyrving.idrett.no\/10\/o\/wp-json\/wp\/v2\/pages\/5852\/revisions\/6001"}],"up":[{"embeddable":true,"href":"https:\/\/tyrving.idrett.no\/10\/o\/wp-json\/wp\/v2\/pages\/5843"}],"wp:attachment":[{"href":"https:\/\/tyrving.idrett.no\/10\/o\/wp-json\/wp\/v2\/media?parent=5852"}],"curies":[{"name":"wp","href":"https:\/\/api.w.org\/{rel}","templated":true}]}}