{"id":5863,"date":"2025-11-18T20:27:36","date_gmt":"2025-11-18T19:27:36","guid":{"rendered":"https:\/\/tyrving.idrett.no\/10\/o\/?page_id=5863"},"modified":"2026-03-22T13:10:53","modified_gmt":"2026-03-22T12:10:53","slug":"overnatting","status":"publish","type":"page","link":"https:\/\/tyrving.idrett.no\/10\/o\/veteranmesterskapet\/overnatting\/","title":{"rendered":"Overnatting"},"content":{"rendered":"<p style=\"font-weight: 400\">Skal du overnatte ifbm. Veteranmesterskapet anbefaler vi overnatting her:<\/p>\n<p style=\"font-weight: 400\"><strong>NM-hotellet Sundvolden<\/strong><\/p>\n<p style=\"font-weight: 400\">30 min fra arenaen p\u00e5 L\u00f8vlia finner du Sundvolden hotell. Dette blir Veteranmesterskapets offisielle hotell. Her er det flott hotellstandard p\u00e5 1 og 2 personers rom inkludert frukost.<\/p>\n<p style=\"font-weight: 400\">Du f\u00e5r rabbatert pris p\u00e5 rom i NM-helgen via f\u00f8lgende link:\u00a0<a href=\"https:\/\/event.checkin.no\/209071\/veteranmesterskap-i-orientering-overnatting-pa-sundvolden-hotel\" data-saferedirecturl=\"https:\/\/www.google.com\/url?q=https:\/\/event.checkin.no\/209071\/veteranmesterskap-i-orientering-overnatting-pa-sundvolden-hotel&amp;source=gmail&amp;ust=1764923890127000&amp;usg=AOvVaw0gjAptAPAsWKGElEYOLuCC\">https:\/\/event.checkin.no\/209071\/veteranmesterskap-i-orientering-overnatting-pa-sundvolden-hotel<\/a><\/p>\n<p style=\"font-weight: 400\"><strong>L\u00f8vlia Skistue<\/strong><\/p>\n<p style=\"font-weight: 400\">P\u00e5 arenaen for lang- og mellomdistansen fins det mulighet for overnatting p\u00e5 2-, 4- og 6-personersrom inkludert frukost, matpakke og middag. NB! Ikke mange plasser igjen!<\/p>\n<p style=\"font-weight: 400\">Bestill via dette link:\u00a0<a href=\"https:\/\/lovliabooking.no\/\" data-saferedirecturl=\"https:\/\/www.google.com\/url?q=https:\/\/lovliabooking.no\/&amp;source=gmail&amp;ust=1764923890127000&amp;usg=AOvVaw0XsjGvbYmF4vCsQXI6cdJW\">https:\/\/lovliabooking.no\/<\/a><\/p>\n<p style=\"font-weight: 400\">NB! Rabatterte priser for medlemmer av Skiforeningen 2026<\/p>\n","protected":false},"excerpt":{"rendered":"<p>&#8230;<\/p>\n","protected":false},"author":40,"featured_media":0,"parent":5843,"menu_order":0,"comment_status":"closed","ping_status":"closed","template":"","meta":{"footnotes":""},"jetpack_sharing_enabled":true,"_links":{"self":[{"href":"https:\/\/tyrving.idrett.no\/10\/o\/wp-json\/wp\/v2\/pages\/5863"}],"collection":[{"href":"https:\/\/tyrving.idrett.no\/10\/o\/wp-json\/wp\/v2\/pages"}],"about":[{"href":"https:\/\/tyrving.idrett.no\/10\/o\/wp-json\/wp\/v2\/types\/page"}],"author":[{"embeddable":true,"href":"https:\/\/tyrving.idrett.no\/10\/o\/wp-json\/wp\/v2\/users\/40"}],"replies":[{"embeddable":true,"href":"https:\/\/tyrving.idrett.no\/10\/o\/wp-json\/wp\/v2\/comments?post=5863"}],"version-history":[{"count":5,"href":"https:\/\/tyrving.idrett.no\/10\/o\/wp-json\/wp\/v2\/pages\/5863\/revisions"}],"predecessor-version":[{"id":5920,"href":"https:\/\/tyrving.idrett.no\/10\/o\/wp-json\/wp\/v2\/pages\/5863\/revisions\/5920"}],"up":[{"embeddable":true,"href":"https:\/\/tyrving.idrett.no\/10\/o\/wp-json\/wp\/v2\/pages\/5843"}],"wp:attachment":[{"href":"https:\/\/tyrving.idrett.no\/10\/o\/wp-json\/wp\/v2\/media?parent=5863"}],"curies":[{"name":"wp","href":"https:\/\/api.w.org\/{rel}","templated":true}]}}