{"id":970,"date":"2011-04-28T12:16:17","date_gmt":"2011-04-28T11:16:17","guid":{"rendered":"http:\/\/tyrving.idrett.no\/10\/o\/"},"modified":"2026-03-22T13:34:01","modified_gmt":"2026-03-22T12:34:01","slug":"o-yngst","status":"publish","type":"page","link":"https:\/\/tyrving.idrett.no\/10\/o\/barn-ungdom\/o-yngst\/","title":{"rendered":"o-Yngst (8-12)"},"content":{"rendered":"<p><strong>8-12 \u00e5r (fra 2.trinn)<\/strong><br \/>\nBli med p\u00e5 orienteringskurs og l\u00e6r grunnleggende bruk av kart og kompass!<\/p>\n<p class=\"p1\"><strong>Tid:<\/strong> Mandager kl 18.00 \u2013 19:15 med <strong>oppstart 13 april.<\/strong> Treningen g\u00e5r over v\u00e5r og h\u00f8st 2026 og avsluttes 21 september.<\/p>\n<p><strong>Oppm\u00f8te: <\/strong>Tanum skole (\u00f8vre plass) de f\u00f8rste tre gangene, deretter f\u00f8lg med i Spond for oppm\u00f8tested. Vi benytter n\u00e6rskog i B\u00e6rum.<\/p>\n<p><strong>Opplegg:<\/strong> Treningene er tilpasset nybegynnere og niv\u00e5 noe \u00f8vet. Innhold av lek, mor-o teknikk og gjennomf\u00f8ring av o-l\u00f8ype. Kurset tar for eksempel av seg kartlesing, karttegn, bruk av ledelinjer, siste sikre og kompassbruk.<\/p>\n<p><strong>Utstyr: <\/strong>Anbefalt behagelige fritidskl\u00e6r og sko. Kompass og stemplingsbrikke f\u00e5r du l\u00e5nt p\u00e5 trening hvis du ikke har eget.<\/p>\n<p><strong>M\u00e5lgruppe: <\/strong>8-12 \u00e5r (fra 2.trinn) samt 7 \u00e5r (fra 1.trinn) i f\u00f8lge med foresatt.<\/p>\n<p><strong>P\u00e5melding og informasjon: <\/strong>Appen SPOND vil brukes for p\u00e5melding og informasjon om treningene. Last ned appen gratis og meld barnet inn i gruppa \u00abTyrving O-yngst 8-12 \u00e5r\u00bb, Kode <strong>FVTAW<\/strong>. Kurset koster 700 kr + 80kr medlemskap Tyrving (obligatorisk)<\/p>\n<p class=\"p1\"><span class=\"s1\"><strong>Ved sp\u00f8rsm\u00e5l ta kontakt:<\/strong> Rekruttansvarlig \u00c5sa Franz\u00e9n, <\/span>asa.franzen@gmail.com<\/p>\n<p>Velkommen!<br \/>\nHilsen Tyrving Orientering Rekrutt<\/p>\n<p><strong>Invitasjon som PDF: <a href=\"https:\/\/tyrving.idrett.no\/10\/o\/files\/2026\/03\/Invitasjon-Rekruttorientering-2026-.pdf\">Invitasjon Rekruttorientering 2026<\/a><\/strong><\/p>\n<p><strong>Invitasjon som bilde:<\/strong><\/p>\n<p><a href=\"https:\/\/tyrving.idrett.no\/10\/o\/files\/2026\/03\/Invitasjon-Rekruttrening-2026.png\"><img decoding=\"async\" loading=\"lazy\" class=\"aligncenter wp-image-5983\" src=\"https:\/\/tyrving.idrett.no\/10\/o\/files\/2026\/03\/Invitasjon-Rekruttrening-2026.png\" alt=\"Invitasjon Rekruttrening 2026\" width=\"540\" height=\"303\" srcset=\"https:\/\/tyrving.idrett.no\/10\/o\/files\/2026\/03\/Invitasjon-Rekruttrening-2026.png 3336w, https:\/\/tyrving.idrett.no\/10\/o\/files\/2026\/03\/Invitasjon-Rekruttrening-2026-300x169.png 300w, https:\/\/tyrving.idrett.no\/10\/o\/files\/2026\/03\/Invitasjon-Rekruttrening-2026-1024x575.png 1024w, https:\/\/tyrving.idrett.no\/10\/o\/files\/2026\/03\/Invitasjon-Rekruttrening-2026-150x84.png 150w, https:\/\/tyrving.idrett.no\/10\/o\/files\/2026\/03\/Invitasjon-Rekruttrening-2026-768x431.png 768w, https:\/\/tyrving.idrett.no\/10\/o\/files\/2026\/03\/Invitasjon-Rekruttrening-2026-600x337.png 600w, https:\/\/tyrving.idrett.no\/10\/o\/files\/2026\/03\/Invitasjon-Rekruttrening-2026-1536x863.png 1536w, https:\/\/tyrving.idrett.no\/10\/o\/files\/2026\/03\/Invitasjon-Rekruttrening-2026-2048x1150.png 2048w\" sizes=\"(max-width: 540px) 100vw, 540px\" \/><\/a><\/p>\n","protected":false},"excerpt":{"rendered":"<p>&#8230;<\/p>\n","protected":false},"author":3,"featured_media":0,"parent":5446,"menu_order":0,"comment_status":"closed","ping_status":"open","template":"","meta":{"footnotes":""},"jetpack_sharing_enabled":true,"_links":{"self":[{"href":"https:\/\/tyrving.idrett.no\/10\/o\/wp-json\/wp\/v2\/pages\/970"}],"collection":[{"href":"https:\/\/tyrving.idrett.no\/10\/o\/wp-json\/wp\/v2\/pages"}],"about":[{"href":"https:\/\/tyrving.idrett.no\/10\/o\/wp-json\/wp\/v2\/types\/page"}],"author":[{"embeddable":true,"href":"https:\/\/tyrving.idrett.no\/10\/o\/wp-json\/wp\/v2\/users\/3"}],"replies":[{"embeddable":true,"href":"https:\/\/tyrving.idrett.no\/10\/o\/wp-json\/wp\/v2\/comments?post=970"}],"version-history":[{"count":139,"href":"https:\/\/tyrving.idrett.no\/10\/o\/wp-json\/wp\/v2\/pages\/970\/revisions"}],"predecessor-version":[{"id":5985,"href":"https:\/\/tyrving.idrett.no\/10\/o\/wp-json\/wp\/v2\/pages\/970\/revisions\/5985"}],"up":[{"embeddable":true,"href":"https:\/\/tyrving.idrett.no\/10\/o\/wp-json\/wp\/v2\/pages\/5446"}],"wp:attachment":[{"href":"https:\/\/tyrving.idrett.no\/10\/o\/wp-json\/wp\/v2\/media?parent=970"}],"curies":[{"name":"wp","href":"https:\/\/api.w.org\/{rel}","templated":true}]}}