{"id":20,"date":"2015-04-20T08:33:52","date_gmt":"2015-04-20T06:33:52","guid":{"rendered":"http:\/\/tyrving.idrett.no\/10\/tl2014\/?page_id=20"},"modified":"2016-01-12T09:39:25","modified_gmt":"2016-01-12T08:39:25","slug":"dagsprogrammet","status":"publish","type":"page","link":"https:\/\/tyrving.idrett.no\/10\/tl2016inne\/informasjom\/dagsprogrammet\/","title":{"rendered":"Dagsprogrammet"},"content":{"rendered":"<p>&nbsp;<\/p>\n<table width=\"692\">\n<tbody>\n<tr>\n<td colspan=\"5\" width=\"692\"><strong>L\u00d8RDAG 6. FEBRUAR 2016<\/strong><\/td>\n<\/tr>\n<tr>\n<td width=\"80\"><strong>G-10<\/strong><\/td>\n<td>600m-h\u00f8yde-kule<\/td>\n<td><\/td>\n<td width=\"80\"><strong>J-10<\/strong><\/td>\n<td>600m-h\u00f8yde-kule<\/td>\n<\/tr>\n<tr>\n<td width=\"80\"><strong>G-11<\/strong><\/td>\n<td>200m-600m-h\u00f8yde<\/td>\n<td><\/td>\n<td width=\"80\"><strong>J-11<\/strong><\/td>\n<td>200m-600m-h\u00f8yde<\/td>\n<\/tr>\n<tr>\n<td width=\"80\"><strong>G-12<\/strong><\/td>\n<td>60m-600m-h\u00f8yde-kule<\/td>\n<td><\/td>\n<td width=\"80\"><strong>J-12<\/strong><\/td>\n<td>60m-600m-h\u00f8yde-kule<\/td>\n<\/tr>\n<tr>\n<td width=\"80\"><strong>G-13<\/strong><\/td>\n<td>60m-600m-lengde-stav<\/td>\n<td><\/td>\n<td width=\"80\"><strong>J-13<\/strong><\/td>\n<td>60m-600m-lengde-stav<\/td>\n<\/tr>\n<tr>\n<td width=\"80\"><strong>G-14<\/strong><\/td>\n<td>60m-600m-lengde-stav<\/td>\n<td><\/td>\n<td width=\"80\"><strong>J-14<\/strong><\/td>\n<td>60m-600m-lengde-stav<\/td>\n<\/tr>\n<tr>\n<td width=\"80\"><strong>G-15<\/strong><\/td>\n<td>60m-800m-stav-tresteg<\/td>\n<td><\/td>\n<td width=\"80\"><strong>J-15<\/strong><\/td>\n<td>60m-800m-tresteg-stav<\/td>\n<\/tr>\n<tr>\n<td width=\"80\"><strong>G-16<\/strong><\/td>\n<td>60m-800m-stav-tresteg<\/td>\n<td><\/td>\n<td width=\"80\"><strong>J-16<\/strong><\/td>\n<td>60m-800m-tresteg-stav<\/td>\n<\/tr>\n<tr>\n<td width=\"80\"><strong>G-17<\/strong><\/td>\n<td>60m-800m-stav-tresteg-kule<\/td>\n<td><\/td>\n<td width=\"80\"><strong>J-17<\/strong><\/td>\n<td>60m-800m-tresteg-stav<\/td>\n<\/tr>\n<tr>\n<td width=\"80\"><strong>G-18\/19<\/strong><\/td>\n<td>60m-stav-tresteg-kule<\/td>\n<td><\/td>\n<td width=\"80\"><strong>J-18\/19<\/strong><\/td>\n<td>60m-kule-tresteg-stav<\/td>\n<\/tr>\n<tr>\n<td width=\"80\"><strong>MS<\/strong><\/td>\n<td>60m-400m-3000m-stav-tresteg-kule<\/td>\n<td><\/td>\n<td width=\"80\"><strong>KS<\/strong><\/td>\n<td>60m-400m-3000m-kule-tresteg-stav<\/td>\n<\/tr>\n<tr>\n<td><\/td>\n<td><\/td>\n<td><\/td>\n<td><\/td>\n<td><\/td>\n<\/tr>\n<tr>\n<td colspan=\"5\"><strong>S\u00d8NDAG 7. FEBRUAR 2016<\/strong><\/td>\n<\/tr>\n<tr>\n<td width=\"80\"><strong>G-10<\/strong><\/td>\n<td>60m-lengde<\/td>\n<td><\/td>\n<td width=\"80\"><strong>J-10<\/strong><\/td>\n<td>60m-lengde<\/td>\n<\/tr>\n<tr>\n<td width=\"80\"><strong>G-11<\/strong><\/td>\n<td>60m-kule-lengde<\/td>\n<td><\/td>\n<td width=\"80\"><strong>J-11<\/strong><\/td>\n<td>60m-kule-lengde<\/td>\n<\/tr>\n<tr>\n<td width=\"80\"><strong>G-12<\/strong><\/td>\n<td>200m-60mhk-lengde<\/td>\n<td><\/td>\n<td width=\"80\"><strong>J-12<\/strong><\/td>\n<td>200m-60mhk-lengde<\/td>\n<\/tr>\n<tr>\n<td width=\"80\"><strong>G-13<\/strong><\/td>\n<td>200m-60mhk-kule-h\u00f8yde-tresteg<\/td>\n<td><\/td>\n<td width=\"80\"><strong>J-13<\/strong><\/td>\n<td>200m-60mhk-kule-h\u00f8yde-tresteg<\/td>\n<\/tr>\n<tr>\n<td width=\"80\"><strong>G-14<\/strong><\/td>\n<td>200m-60mhk-kule-h\u00f8yde-tresteg<\/td>\n<td><\/td>\n<td width=\"80\"><strong>J-14<\/strong><\/td>\n<td>200m-60mhk-kule-h\u00f8yde-tresteg<\/td>\n<\/tr>\n<tr>\n<td width=\"80\"><strong>G-15<\/strong><\/td>\n<td>200m-60mhk-kule-lengde-h\u00f8yde<\/td>\n<td><\/td>\n<td width=\"80\"><strong>J-15<\/strong><\/td>\n<td>200m-60mhk-kule-h\u00f8yde-lengde<\/td>\n<\/tr>\n<tr>\n<td width=\"80\"><strong>G-16<\/strong><\/td>\n<td>200m-60mhk-kule-lengde-h\u00f8yde<\/td>\n<td><\/td>\n<td width=\"80\"><strong>J-16<\/strong><\/td>\n<td>200m-60mhk-kule-h\u00f8yde-lengde<\/td>\n<\/tr>\n<tr>\n<td width=\"80\"><strong>G-17<\/strong><\/td>\n<td>200m-60mhk-lengde-h\u00f8yde<\/td>\n<td><\/td>\n<td width=\"80\"><strong>J-17<\/strong><\/td>\n<td>200m-60mhk-kule-h\u00f8yde-lengde<\/td>\n<\/tr>\n<tr>\n<td width=\"80\"><strong>G-18\/19<\/strong><\/td>\n<td>200m-800m-60mhk-lengde-h\u00f8yde<\/td>\n<td><\/td>\n<td width=\"80\"><strong>J-18\/19<\/strong><\/td>\n<td>200m-800m-60mhk-h\u00f8yde-lengde<\/td>\n<\/tr>\n<tr>\n<td width=\"80\"><strong>MS<\/strong><\/td>\n<td>200m-800m-60mhk-lengde-h\u00f8yde<\/td>\n<td><\/td>\n<td width=\"80\"><strong>KS<\/strong><\/td>\n<td>200m-800m-60mhk-h\u00f8yde-lengde<\/td>\n<\/tr>\n<\/tbody>\n<\/table>\n","protected":false},"excerpt":{"rendered":"<p>&nbsp; L\u00d8RDAG 6. FEBRUAR 2016 G-10 600m-h\u00f8yde-kule J-10 600m-h\u00f8yde-kule G-11 200m-600m-h\u00f8yde J-11 200m-600m-h\u00f8yde G-12 60m-600m-h\u00f8yde-kule J-12 60m-600m-h\u00f8yde-kule G-13 60m-600m-lengde-stav J-13 60m-600m-lengde-stav G-14 60m-600m-lengde-stav J-14 60m-600m-lengde-stav G-15 60m-800m-stav-tresteg J-15 60m-800m-tresteg-stav G-16 60m-800m-stav-tresteg J-16 60m-800m-tresteg-stav G-17 60m-800m-stav-tresteg-kule J-17 60m-800m-tresteg-stav G-18\/19 60m-stav-tresteg-kule J-18\/19 60m-kule-tresteg-stav MS 60m-400m-3000m-stav-tresteg-kule KS 60m-400m-3000m-kule-tresteg-stav S\u00d8NDAG 7. FEBRUAR 2016 G-10 [&hellip;]<\/p>\n","protected":false},"author":2,"featured_media":0,"parent":1119,"menu_order":1,"comment_status":"open","ping_status":"open","template":"","meta":{"footnotes":""},"_links":{"self":[{"href":"https:\/\/tyrving.idrett.no\/10\/tl2016inne\/wp-json\/wp\/v2\/pages\/20"}],"collection":[{"href":"https:\/\/tyrving.idrett.no\/10\/tl2016inne\/wp-json\/wp\/v2\/pages"}],"about":[{"href":"https:\/\/tyrving.idrett.no\/10\/tl2016inne\/wp-json\/wp\/v2\/types\/page"}],"author":[{"embeddable":true,"href":"https:\/\/tyrving.idrett.no\/10\/tl2016inne\/wp-json\/wp\/v2\/users\/2"}],"replies":[{"embeddable":true,"href":"https:\/\/tyrving.idrett.no\/10\/tl2016inne\/wp-json\/wp\/v2\/comments?post=20"}],"version-history":[{"count":56,"href":"https:\/\/tyrving.idrett.no\/10\/tl2016inne\/wp-json\/wp\/v2\/pages\/20\/revisions"}],"predecessor-version":[{"id":1264,"href":"https:\/\/tyrving.idrett.no\/10\/tl2016inne\/wp-json\/wp\/v2\/pages\/20\/revisions\/1264"}],"up":[{"embeddable":true,"href":"https:\/\/tyrving.idrett.no\/10\/tl2016inne\/wp-json\/wp\/v2\/pages\/1119"}],"wp:attachment":[{"href":"https:\/\/tyrving.idrett.no\/10\/tl2016inne\/wp-json\/wp\/v2\/media?parent=20"}],"curies":[{"name":"wp","href":"https:\/\/api.w.org\/{rel}","templated":true}]}}