{"id":49,"date":"2013-03-14T20:09:16","date_gmt":"2013-03-14T19:09:16","guid":{"rendered":"http:\/\/tyrving.idrett.no\/10\/tl2014\/?page_id=49"},"modified":"2016-02-02T20:44:15","modified_gmt":"2016-02-02T19:44:15","slug":"tidsskjema","status":"publish","type":"page","link":"https:\/\/tyrving.idrett.no\/10\/tl2016inne\/informasjom\/tidsskjema\/","title":{"rendered":"Tidsskjema"},"content":{"rendered":"<p><strong>Klikk p\u00e5 linkene under tidsskjema:<\/strong><\/p>\n<p><a href=\"http:\/\/tyrving.idrett.no\/10\/tl2016inne\/files\/2013\/03\/2016-Tidsskjema-l\u00f8rdag-for-web-2.pdf\" rel=\"\">L\u00f8rdag 6. februar<\/a><\/p>\n<p><a href=\"http:\/\/tyrving.idrett.no\/10\/tl2016inne\/files\/2013\/03\/2016-Tidsskjema-s\u00f8ndag-for-web.pdf\" rel=\"\">S\u00f8ndag 7. februar<\/a><\/p>\n<p>&nbsp;<\/p>\n","protected":false},"excerpt":{"rendered":"<p>Klikk p\u00e5 linkene under tidsskjema: L\u00f8rdag 6. februar S\u00f8ndag 7. februar &nbsp;<\/p>\n","protected":false},"author":20,"featured_media":0,"parent":1119,"menu_order":2,"comment_status":"open","ping_status":"open","template":"","meta":{"footnotes":""},"_links":{"self":[{"href":"https:\/\/tyrving.idrett.no\/10\/tl2016inne\/wp-json\/wp\/v2\/pages\/49"}],"collection":[{"href":"https:\/\/tyrving.idrett.no\/10\/tl2016inne\/wp-json\/wp\/v2\/pages"}],"about":[{"href":"https:\/\/tyrving.idrett.no\/10\/tl2016inne\/wp-json\/wp\/v2\/types\/page"}],"author":[{"embeddable":true,"href":"https:\/\/tyrving.idrett.no\/10\/tl2016inne\/wp-json\/wp\/v2\/users\/20"}],"replies":[{"embeddable":true,"href":"https:\/\/tyrving.idrett.no\/10\/tl2016inne\/wp-json\/wp\/v2\/comments?post=49"}],"version-history":[{"count":29,"href":"https:\/\/tyrving.idrett.no\/10\/tl2016inne\/wp-json\/wp\/v2\/pages\/49\/revisions"}],"predecessor-version":[{"id":1300,"href":"https:\/\/tyrving.idrett.no\/10\/tl2016inne\/wp-json\/wp\/v2\/pages\/49\/revisions\/1300"}],"up":[{"embeddable":true,"href":"https:\/\/tyrving.idrett.no\/10\/tl2016inne\/wp-json\/wp\/v2\/pages\/1119"}],"wp:attachment":[{"href":"https:\/\/tyrving.idrett.no\/10\/tl2016inne\/wp-json\/wp\/v2\/media?parent=49"}],"curies":[{"name":"wp","href":"https:\/\/api.w.org\/{rel}","templated":true}]}}