{"id":1205,"date":"2020-01-15T10:17:04","date_gmt":"2020-01-15T09:17:04","guid":{"rendered":"http:\/\/tyrving.idrett.no\/10\/tl2016inne\/?page_id=1205"},"modified":"2020-01-27T11:53:14","modified_gmt":"2020-01-27T10:53:14","slug":"baerum-idrettspark","status":"publish","type":"page","link":"https:\/\/tyrving.idrett.no\/10\/tlinne\/baerum-idrettspark\/","title":{"rendered":"B\u00e6rum Idrettspark"},"content":{"rendered":"<p>B\u00e6rum Idrettspark ligger p\u00e5 Rud i B\u00e6rum \u2013 adressen er <a href=\"https:\/\/kart.gulesider.no\/?c=59.909857,10.498258&amp;z=15&amp;q=%22hauger%20skolevei%2036,%201351%20rud%22;211513582;geo\">Hauger Skolevei 36, 1351 Rud<\/a>.\u00a0 Hallen ble \u00e5pnet i 2013 og er landets st\u00f8rste friidrettshall, i tillegg til fotball-l og fleridrettshall.\u00a0 Tyrving har trening i hallen syv dager i uken fra september\/oktober til april\/mai.\u00a0 Kols\u00e5strikken fra Oslo stopper p\u00e5 Hauger stasjon og derfra er det ca 5 minutter \u00e5 g\u00e5 til hallen.\u00a0 Fra Sandvika g\u00e5r det flere buss til Hauger\/Kols\u00e5s.<\/p>\n<p><a href=\"http:\/\/tyrving.idrett.no\/10\/tlinne\/files\/2020\/01\/Kart-B\u00e6rum-Idrettspark.jpg\"><img decoding=\"async\" loading=\"lazy\" class=\"alignnone wp-image-1874 size-large\" src=\"http:\/\/tyrving.idrett.no\/10\/tlinne\/files\/2020\/01\/Kart-B\u00e6rum-Idrettspark-1024x724.jpg\" alt=\"\" width=\"1024\" height=\"724\" srcset=\"https:\/\/tyrving.idrett.no\/10\/tlinne\/files\/2020\/01\/Kart-B\u00e6rum-Idrettspark-1024x724.jpg 1024w, https:\/\/tyrving.idrett.no\/10\/tlinne\/files\/2020\/01\/Kart-B\u00e6rum-Idrettspark-300x212.jpg 300w, https:\/\/tyrving.idrett.no\/10\/tlinne\/files\/2020\/01\/Kart-B\u00e6rum-Idrettspark-768x543.jpg 768w, https:\/\/tyrving.idrett.no\/10\/tlinne\/files\/2020\/01\/Kart-B\u00e6rum-Idrettspark-600x424.jpg 600w\" sizes=\"(max-width: 1024px) 100vw, 1024px\" \/><\/a><\/p>\n","protected":false},"excerpt":{"rendered":"<p>B\u00e6rum Idrettspark ligger p\u00e5 Rud i B\u00e6rum \u2013 adressen er Hauger Skolevei 36, 1351 Rud.\u00a0 Hallen ble \u00e5pnet i 2013 og er landets st\u00f8rste friidrettshall, i tillegg til fotball-l og fleridrettshall.\u00a0 Tyrving har trening i hallen syv dager i uken fra september\/oktober til april\/mai.\u00a0 Kols\u00e5strikken fra Oslo stopper p\u00e5 Hauger &#8230; <a title=\"B\u00e6rum Idrettspark\" class=\"read-more\" href=\"https:\/\/tyrving.idrett.no\/10\/tlinne\/baerum-idrettspark\/\" aria-label=\"Mer p\u00e5 B\u00e6rum Idrettspark\">Les mer<\/a><\/p>\n","protected":false},"author":2,"featured_media":0,"parent":0,"menu_order":0,"comment_status":"closed","ping_status":"closed","template":"","meta":{"footnotes":""},"_links":{"self":[{"href":"https:\/\/tyrving.idrett.no\/10\/tlinne\/wp-json\/wp\/v2\/pages\/1205"}],"collection":[{"href":"https:\/\/tyrving.idrett.no\/10\/tlinne\/wp-json\/wp\/v2\/pages"}],"about":[{"href":"https:\/\/tyrving.idrett.no\/10\/tlinne\/wp-json\/wp\/v2\/types\/page"}],"author":[{"embeddable":true,"href":"https:\/\/tyrving.idrett.no\/10\/tlinne\/wp-json\/wp\/v2\/users\/2"}],"replies":[{"embeddable":true,"href":"https:\/\/tyrving.idrett.no\/10\/tlinne\/wp-json\/wp\/v2\/comments?post=1205"}],"version-history":[{"count":5,"href":"https:\/\/tyrving.idrett.no\/10\/tlinne\/wp-json\/wp\/v2\/pages\/1205\/revisions"}],"predecessor-version":[{"id":1885,"href":"https:\/\/tyrving.idrett.no\/10\/tlinne\/wp-json\/wp\/v2\/pages\/1205\/revisions\/1885"}],"wp:attachment":[{"href":"https:\/\/tyrving.idrett.no\/10\/tlinne\/wp-json\/wp\/v2\/media?parent=1205"}],"curies":[{"name":"wp","href":"https:\/\/api.w.org\/{rel}","templated":true}]}}