{"id":15,"date":"2013-03-12T08:33:15","date_gmt":"2013-03-12T07:33:15","guid":{"rendered":"http:\/\/tyrving.idrett.no\/10\/tl2014\/?page_id=15"},"modified":"2022-02-05T19:22:00","modified_gmt":"2022-02-05T18:22:00","slug":"pamelding","status":"publish","type":"page","link":"https:\/\/tyrving.idrett.no\/10\/tlinne\/pamelding\/","title":{"rendered":"P\u00e5melding"},"content":{"rendered":"<p><span style=\"color: #ff0000\"><strong>Viktig informasjon vedr. p\u00e5melding til\u00a0 Tyrvingleker 2022:<\/strong><\/span><\/p>\n<ul>\n<li>P\u00e5meldingsfrist til ordin\u00e6r startkontingent er <strong>03. februar.<\/strong><\/li>\n<li>P\u00e5melding gj\u00f8res via <a href=\"https:\/\/minidrett.nif.no\/Event#367214-011\">Min Idrett<\/a><\/li>\n<li>Utenlandske klubber og ut\u00f8vere som ikke er registrert i Min Idrett, sender p\u00e5melding p\u00e5 mail til friidrett@tyrving.no<\/li>\n<li>Startkontingent etterfaktureres klubbene.\u00a0 Ut\u00f8vere uten tilknytning til klubb, betaler ved p\u00e5melding &#8211; kr 125 pr. \u00f8velse.\u00a0 Tyrvings kontonummer er 9235.17.25747.<\/li>\n<li>Etteranmelding til dobbel startkontingent hvis plass i \u00f8velsen\/klassen.<\/li>\n<\/ul>\n<p><strong>Betalingsinformasjon for utenlandske klubber:<\/strong><\/p>\n<ul>\n<li><strong>IBAN<\/strong>: NO46 9235 1725 747.<\/li>\n<li><strong>SWIFT-adresse<\/strong>: KBNONO22XXX.<\/li>\n<li><strong>Bankens navn og adresse<\/strong>: BN Bank ASA, Pb. 2415 Torgarden, 7005 Trondheim.<\/li>\n<\/ul>\n<p>&nbsp;<\/p>\n<p>&nbsp;<\/p>\n","protected":false},"excerpt":{"rendered":"<p>Viktig informasjon vedr. p\u00e5melding til\u00a0 Tyrvingleker 2022: P\u00e5meldingsfrist til ordin\u00e6r startkontingent er 03. februar. P\u00e5melding gj\u00f8res via Min Idrett Utenlandske klubber og ut\u00f8vere som ikke er registrert i Min Idrett, sender p\u00e5melding p\u00e5 mail til friidrett@tyrving.no Startkontingent etterfaktureres klubbene.\u00a0 Ut\u00f8vere uten tilknytning til klubb, betaler ved p\u00e5melding &#8211; kr 125 &#8230; <a title=\"P\u00e5melding\" class=\"read-more\" href=\"https:\/\/tyrving.idrett.no\/10\/tlinne\/pamelding\/\" aria-label=\"Mer p\u00e5 P\u00e5melding\">Les mer<\/a><\/p>\n","protected":false},"author":2,"featured_media":0,"parent":0,"menu_order":0,"comment_status":"closed","ping_status":"closed","template":"","meta":{"footnotes":""},"_links":{"self":[{"href":"https:\/\/tyrving.idrett.no\/10\/tlinne\/wp-json\/wp\/v2\/pages\/15"}],"collection":[{"href":"https:\/\/tyrving.idrett.no\/10\/tlinne\/wp-json\/wp\/v2\/pages"}],"about":[{"href":"https:\/\/tyrving.idrett.no\/10\/tlinne\/wp-json\/wp\/v2\/types\/page"}],"author":[{"embeddable":true,"href":"https:\/\/tyrving.idrett.no\/10\/tlinne\/wp-json\/wp\/v2\/users\/2"}],"replies":[{"embeddable":true,"href":"https:\/\/tyrving.idrett.no\/10\/tlinne\/wp-json\/wp\/v2\/comments?post=15"}],"version-history":[{"count":44,"href":"https:\/\/tyrving.idrett.no\/10\/tlinne\/wp-json\/wp\/v2\/pages\/15\/revisions"}],"predecessor-version":[{"id":2102,"href":"https:\/\/tyrving.idrett.no\/10\/tlinne\/wp-json\/wp\/v2\/pages\/15\/revisions\/2102"}],"wp:attachment":[{"href":"https:\/\/tyrving.idrett.no\/10\/tlinne\/wp-json\/wp\/v2\/media?parent=15"}],"curies":[{"name":"wp","href":"https:\/\/api.w.org\/{rel}","templated":true}]}}