{"id":20,"date":"2015-04-20T08:33:52","date_gmt":"2015-04-20T06:33:52","guid":{"rendered":"http:\/\/tyrving.idrett.no\/10\/tl2014\/?page_id=20"},"modified":"2021-10-31T18:19:21","modified_gmt":"2021-10-31T17:19:21","slug":"dagsprogrammet","status":"publish","type":"page","link":"https:\/\/tyrving.idrett.no\/10\/tlinne\/dagsprogrammet\/","title":{"rendered":"Dagsprogrammet"},"content":{"rendered":"<table width=\"695\">\n<tbody>\n<tr>\n<td colspan=\"5\" width=\"695\">&nbsp;<\/p>\n<p><strong>L\u00d8RDAG 12. FEBRUAR <\/strong><\/td>\n<\/tr>\n<tr>\n<td width=\"98\"><strong>G-10<\/strong><\/td>\n<td width=\"237\">600m-h\u00f8yde-kule<\/td>\n<td width=\"19\">&nbsp;<\/td>\n<td width=\"85\"><strong>J-10<\/strong><\/td>\n<td width=\"255\">600m-h\u00f8yde-kule<\/td>\n<\/tr>\n<tr>\n<td width=\"98\"><strong>G-11<\/strong><\/td>\n<td width=\"237\">600m-h\u00f8yde<\/td>\n<td width=\"19\">&nbsp;<\/td>\n<td width=\"85\"><strong>J-11<\/strong><\/td>\n<td width=\"255\">600m-h\u00f8yde<\/td>\n<\/tr>\n<tr>\n<td width=\"98\"><strong>G-12<\/strong><\/td>\n<td width=\"237\">60m-600m-h\u00f8yde-kule<\/td>\n<td width=\"19\">&nbsp;<\/td>\n<td width=\"85\"><strong>J-12<\/strong><\/td>\n<td width=\"255\">60m-600m-h\u00f8yde-kule<\/td>\n<\/tr>\n<tr>\n<td width=\"98\"><strong>G-13<\/strong><\/td>\n<td width=\"237\">60m-600m-lengde-stav<\/td>\n<td width=\"19\">&nbsp;<\/td>\n<td width=\"85\"><strong>J-13<\/strong><\/td>\n<td width=\"255\">60m-600m-lengde-stav<\/td>\n<\/tr>\n<tr>\n<td width=\"98\"><strong>G-14<\/strong><\/td>\n<td width=\"237\">60m-600m-lengde-stav<\/td>\n<td width=\"19\">&nbsp;<\/td>\n<td width=\"85\"><strong>J-14<\/strong><\/td>\n<td width=\"255\">60m-600m-lengde-stav<\/td>\n<\/tr>\n<tr>\n<td width=\"98\"><strong>G-15<\/strong><\/td>\n<td width=\"237\">60m-800m-lengde-stav<\/td>\n<td width=\"19\">&nbsp;<\/td>\n<td width=\"85\"><strong>J-15<\/strong><\/td>\n<td width=\"255\">60m-800m-lengde-stav<\/td>\n<\/tr>\n<tr>\n<td width=\"98\"><strong>G-16<\/strong><\/td>\n<td width=\"237\">60m-800m-lengde-stav<\/td>\n<td width=\"19\">&nbsp;<\/td>\n<td width=\"85\"><strong>J-16<\/strong><\/td>\n<td width=\"255\">60m-800m-lengde-stav<\/td>\n<\/tr>\n<tr>\n<td width=\"98\"><strong>G-17<\/strong><\/td>\n<td width=\"237\">60m-800m-kule-lengde-stav<\/td>\n<td width=\"19\">&nbsp;<\/td>\n<td width=\"85\"><strong>J-17<\/strong><\/td>\n<td width=\"255\">60m-800m-lengde-stav<\/td>\n<\/tr>\n<tr>\n<td width=\"98\"><strong>G-18\/19<\/strong><\/td>\n<td width=\"237\">60m-kule-lengde-stav-h\u00f8yde<\/td>\n<td width=\"19\">&nbsp;<\/td>\n<td width=\"85\"><strong>J-18\/19<\/strong><\/td>\n<td width=\"255\">60m-kule-lengde-stav-h\u00f8yde<\/td>\n<\/tr>\n<tr>\n<td width=\"98\"><strong>MS<\/strong><\/td>\n<td width=\"237\">60m-400m-3000m-kule-stav-h\u00f8yde-lengde<\/td>\n<td width=\"19\">&nbsp;<\/td>\n<td width=\"85\"><strong>KS<\/strong><\/td>\n<td width=\"255\">60m-400m-3000m-kule-lengde-h\u00f8yde-stav<\/td>\n<\/tr>\n<tr>\n<td width=\"98\"><\/td>\n<td width=\"237\"><\/td>\n<td width=\"19\"><\/td>\n<td width=\"85\"><\/td>\n<td width=\"255\"><\/td>\n<\/tr>\n<tr>\n<td colspan=\"5\" width=\"695\"><strong>S\u00d8NDAG 13. FEBRUAR <\/strong><\/td>\n<\/tr>\n<tr>\n<td width=\"98\"><strong>G-10<\/strong><\/td>\n<td width=\"237\">60m-lengde<\/td>\n<td width=\"19\">&nbsp;<\/td>\n<td width=\"85\"><strong>J-10<\/strong><\/td>\n<td width=\"255\">60m-lengde<\/td>\n<\/tr>\n<tr>\n<td width=\"98\"><strong>G-11<\/strong><\/td>\n<td width=\"237\">60m-kule-lengde<\/td>\n<td width=\"19\">&nbsp;<\/td>\n<td width=\"85\"><strong>J-11<\/strong><\/td>\n<td width=\"255\">60m-kule-lengde<\/td>\n<\/tr>\n<tr>\n<td width=\"98\"><strong>G-12<\/strong><\/td>\n<td width=\"237\">200m-60mhk-lengde<\/td>\n<td width=\"19\">&nbsp;<\/td>\n<td width=\"85\"><strong>J-12<\/strong><\/td>\n<td width=\"255\">200m-60mhk-lengde<\/td>\n<\/tr>\n<tr>\n<td width=\"98\"><strong>G-13<\/strong><\/td>\n<td width=\"237\">200m-60mhk-kule-h\u00f8yde-tresteg<\/td>\n<td width=\"19\">&nbsp;<\/td>\n<td width=\"85\"><strong>J-13<\/strong><\/td>\n<td width=\"255\">200m-60mhk-kule-h\u00f8yde-tresteg<\/td>\n<\/tr>\n<tr>\n<td width=\"98\"><strong>G-14<\/strong><\/td>\n<td width=\"237\">200m-60mhk-kule-h\u00f8yde-tresteg<\/td>\n<td width=\"19\">&nbsp;<\/td>\n<td width=\"85\"><strong>J-14<\/strong><\/td>\n<td width=\"255\">200m-60mhk-kule-h\u00f8yde-tresteg<\/td>\n<\/tr>\n<tr>\n<td width=\"98\"><strong>G-15<\/strong><\/td>\n<td width=\"237\">200m-60mhk-kule-h\u00f8yde-tresteg<\/td>\n<td width=\"19\">&nbsp;<\/td>\n<td width=\"85\"><strong>J-15<\/strong><\/td>\n<td width=\"255\">200m-60mhk-kule-h\u00f8yde-tresteg<\/td>\n<\/tr>\n<tr>\n<td width=\"98\"><strong>G-16<\/strong><\/td>\n<td width=\"237\">200m-60mhk-kule-h\u00f8yde-tresteg<\/td>\n<td width=\"19\">&nbsp;<\/td>\n<td width=\"85\"><strong>J-16<\/strong><\/td>\n<td width=\"255\">200m-60mhk-kule-h\u00f8yde-tresteg<\/td>\n<\/tr>\n<tr>\n<td width=\"98\"><strong>G-17<\/strong><\/td>\n<td width=\"237\">200m-60mhk-h\u00f8yde-tresteg<\/td>\n<td width=\"19\">&nbsp;<\/td>\n<td width=\"85\"><strong>J-17<\/strong><\/td>\n<td width=\"255\">200m-60mhk-kule-h\u00f8yde-tresteg<\/td>\n<\/tr>\n<tr>\n<td width=\"98\"><strong>G-18\/19<\/strong><\/td>\n<td width=\"237\">200m-800m-60mhk-tresteg<\/td>\n<td width=\"19\">&nbsp;<\/td>\n<td width=\"85\"><strong>J-18\/19<\/strong><\/td>\n<td width=\"255\">200m-800m-60mhk-tresteg<\/td>\n<\/tr>\n<tr>\n<td width=\"98\"><strong>MS<\/strong><\/td>\n<td width=\"237\">200m-800m-60mhk-tresteg<\/td>\n<td width=\"19\">&nbsp;<\/td>\n<td width=\"85\"><strong>KS<\/strong><\/td>\n<td width=\"255\">200m-800m-60mhk-tresteg<\/td>\n<\/tr>\n<\/tbody>\n<\/table>\n","protected":false},"excerpt":{"rendered":"<p>&nbsp; L\u00d8RDAG 12. FEBRUAR G-10 600m-h\u00f8yde-kule &nbsp; J-10 600m-h\u00f8yde-kule G-11 600m-h\u00f8yde &nbsp; J-11 600m-h\u00f8yde G-12 60m-600m-h\u00f8yde-kule &nbsp; J-12 60m-600m-h\u00f8yde-kule G-13 60m-600m-lengde-stav &nbsp; J-13 60m-600m-lengde-stav G-14 60m-600m-lengde-stav &nbsp; J-14 60m-600m-lengde-stav G-15 60m-800m-lengde-stav &nbsp; J-15 60m-800m-lengde-stav G-16 60m-800m-lengde-stav &nbsp; J-16 60m-800m-lengde-stav G-17 60m-800m-kule-lengde-stav &nbsp; J-17 60m-800m-lengde-stav G-18\/19 60m-kule-lengde-stav-h\u00f8yde &nbsp; J-18\/19 60m-kule-lengde-stav-h\u00f8yde MS &#8230; <a title=\"Dagsprogrammet\" class=\"read-more\" href=\"https:\/\/tyrving.idrett.no\/10\/tlinne\/dagsprogrammet\/\" aria-label=\"Mer p\u00e5 Dagsprogrammet\">Les mer<\/a><\/p>\n","protected":false},"author":2,"featured_media":0,"parent":0,"menu_order":1,"comment_status":"closed","ping_status":"closed","template":"","meta":{"footnotes":""},"_links":{"self":[{"href":"https:\/\/tyrving.idrett.no\/10\/tlinne\/wp-json\/wp\/v2\/pages\/20"}],"collection":[{"href":"https:\/\/tyrving.idrett.no\/10\/tlinne\/wp-json\/wp\/v2\/pages"}],"about":[{"href":"https:\/\/tyrving.idrett.no\/10\/tlinne\/wp-json\/wp\/v2\/types\/page"}],"author":[{"embeddable":true,"href":"https:\/\/tyrving.idrett.no\/10\/tlinne\/wp-json\/wp\/v2\/users\/2"}],"replies":[{"embeddable":true,"href":"https:\/\/tyrving.idrett.no\/10\/tlinne\/wp-json\/wp\/v2\/comments?post=20"}],"version-history":[{"count":67,"href":"https:\/\/tyrving.idrett.no\/10\/tlinne\/wp-json\/wp\/v2\/pages\/20\/revisions"}],"predecessor-version":[{"id":1958,"href":"https:\/\/tyrving.idrett.no\/10\/tlinne\/wp-json\/wp\/v2\/pages\/20\/revisions\/1958"}],"wp:attachment":[{"href":"https:\/\/tyrving.idrett.no\/10\/tlinne\/wp-json\/wp\/v2\/media?parent=20"}],"curies":[{"name":"wp","href":"https:\/\/api.w.org\/{rel}","templated":true}]}}