{"id":2018,"date":"2022-02-04T14:23:29","date_gmt":"2022-02-04T13:23:29","guid":{"rendered":"https:\/\/tyrving.idrett.no\/10\/tlinne\/?page_id=2018"},"modified":"2022-02-04T14:28:01","modified_gmt":"2022-02-04T13:28:01","slug":"opprop","status":"publish","type":"page","link":"https:\/\/tyrving.idrett.no\/10\/tlinne\/opprop\/","title":{"rendered":"Opprop"},"content":{"rendered":"<p><strong>OPPROP FOR L\u00d8PS\u00d8VELSENE\u00a0<\/strong>foretas for fors\u00f8kskonkurranser og \u00f8velser med direkte finaler ved elektronisk avkryssing senest 2 timer f\u00f8r start.<\/p>\n<p>Et par dager f\u00f8r stevnet vil dere motta mail fra @andro.no (mottager er samme mail adresse som bruk i MinIdrett). Dere kan krysse av p\u00e5 l\u00f8ps\u00f8velser dere skal delta i fra og med kvelden f\u00f8r til og med 2 timer f\u00f8r \u00f8velsesstart.<\/p>\n<p><strong>OPPROP FOR TEKNISKE \u00d8VELSER\u00a0<\/strong>foretas ved fremm\u00f8te p\u00e5 \u00f8velsesstedet 15 min f\u00f8r \u00f8velsen starter. Ingen avkryssing p\u00e5 forh\u00e5nd.<\/p>\n","protected":false},"excerpt":{"rendered":"<p>OPPROP FOR L\u00d8PS\u00d8VELSENE\u00a0foretas for fors\u00f8kskonkurranser og \u00f8velser med direkte finaler ved elektronisk avkryssing senest 2 timer f\u00f8r start. Et par dager f\u00f8r stevnet vil dere motta mail fra @andro.no (mottager er samme mail adresse som bruk i MinIdrett). Dere kan krysse av p\u00e5 l\u00f8ps\u00f8velser dere skal delta i fra og &#8230; <a title=\"Opprop\" class=\"read-more\" href=\"https:\/\/tyrving.idrett.no\/10\/tlinne\/opprop\/\" aria-label=\"Mer p\u00e5 Opprop\">Les mer<\/a><\/p>\n","protected":false},"author":42,"featured_media":0,"parent":0,"menu_order":0,"comment_status":"closed","ping_status":"closed","template":"","meta":{"footnotes":""},"_links":{"self":[{"href":"https:\/\/tyrving.idrett.no\/10\/tlinne\/wp-json\/wp\/v2\/pages\/2018"}],"collection":[{"href":"https:\/\/tyrving.idrett.no\/10\/tlinne\/wp-json\/wp\/v2\/pages"}],"about":[{"href":"https:\/\/tyrving.idrett.no\/10\/tlinne\/wp-json\/wp\/v2\/types\/page"}],"author":[{"embeddable":true,"href":"https:\/\/tyrving.idrett.no\/10\/tlinne\/wp-json\/wp\/v2\/users\/42"}],"replies":[{"embeddable":true,"href":"https:\/\/tyrving.idrett.no\/10\/tlinne\/wp-json\/wp\/v2\/comments?post=2018"}],"version-history":[{"count":3,"href":"https:\/\/tyrving.idrett.no\/10\/tlinne\/wp-json\/wp\/v2\/pages\/2018\/revisions"}],"predecessor-version":[{"id":2029,"href":"https:\/\/tyrving.idrett.no\/10\/tlinne\/wp-json\/wp\/v2\/pages\/2018\/revisions\/2029"}],"wp:attachment":[{"href":"https:\/\/tyrving.idrett.no\/10\/tlinne\/wp-json\/wp\/v2\/media?parent=2018"}],"curies":[{"name":"wp","href":"https:\/\/api.w.org\/{rel}","templated":true}]}}