{"id":2067,"date":"2022-02-04T15:05:51","date_gmt":"2022-02-04T14:05:51","guid":{"rendered":"https:\/\/tyrving.idrett.no\/10\/tlinne\/?page_id=2067"},"modified":"2022-02-07T08:12:25","modified_gmt":"2022-02-07T07:12:25","slug":"skoregelen","status":"publish","type":"page","link":"https:\/\/tyrving.idrett.no\/10\/tlinne\/skoregelen\/","title":{"rendered":"Skoskjema"},"content":{"rendered":"<article class=\"rx-article rx-article-152446 rx-owner-user-6283\" data-article-id=\"152446\">\n<div class=\"article_text\">\n<p>I klassene 18-19\u00a0 og senior m\u00e5 alle levere inn skoskjema f\u00f8r uthenting av startnummer. Du m\u00e5 levere inn ett skjema per \u00f8velse du skal delta i<\/p>\n<p>Skoskjemaet kan du levere inn elektronisk p\u00e5 denne linken: <a href=\"https:\/\/app.easyquest.com\/q\/rNeWCr\">https:\/\/app.easyquest.com\/q\/rNeWCr<\/a><\/p>\n<h4>SKOREGLER<\/h4>\n<\/div>\n<\/article>\n<article class=\"rx-article rx-article-152447 rx-owner-user-6283\" data-article-id=\"152447\">\n<header class=\"article_heading\">I 2020 kom det nye regler fra World Athletics om hvilke sko som kan benyttes i forskjellige \u00f8velser. Reglene har blitt endret flere ganger, siste gang 4. desember 2020. Det er s\u00e6rlig s\u00e5letykkelsen p\u00e5 nye skomodeller som har v\u00e6rt en utfordring.En norsk oversettelse av TR 5\/regel 143 er inntatt her: https:\/\/www.friidrett.no\/aktivitet\/dommerstoff<\/p>\n<p>NFIF har bestemt at man i Norge skal f\u00f8lge de internasjonale konkurransereglene som fastsettes av World Athletics. Det betyr at ogs\u00e5 sko-reglene som utgangspunkt skal anvendes i alle konkurranser som avholdes av lag tilknyttet NFIF, med de begrensninger som er bestemt av World Athletics.<\/p>\n<\/header>\n<div class=\"article_text\">\n<p>Disse begrensningene i anvendelsen av sko-reglene vil ogs\u00e5 gjelde for konkurranser i Norge.\u00a0 Det inneb\u00e6rer at sko-reglene ikke skal anvendes i konkurranser for barn og ungdom til og<br \/>\nmed 17-\u00e5rs klassen n\u00e5r disse deltar i konkurranser i sine respektive \u00e5rsklasser.<\/p>\n<p><a href=\"https:\/\/tyrving.idrett.no\/10\/tlinne\/files\/2022\/02\/joggesko.png\"><img decoding=\"async\" loading=\"lazy\" class=\"alignnone size-full wp-image-2145\" src=\"https:\/\/tyrving.idrett.no\/10\/tlinne\/files\/2022\/02\/joggesko.png\" alt=\"\" width=\"288\" height=\"238\" \/><\/a><\/p>\n<\/div>\n<\/article>\n","protected":false},"excerpt":{"rendered":"<p>I klassene 18-19\u00a0 og senior m\u00e5 alle levere inn skoskjema f\u00f8r uthenting av startnummer. Du m\u00e5 levere inn ett skjema per \u00f8velse du skal delta i Skoskjemaet kan du levere inn elektronisk p\u00e5 denne linken: https:\/\/app.easyquest.com\/q\/rNeWCr SKOREGLER I 2020 kom det nye regler fra World Athletics om hvilke sko som &#8230; <a title=\"Skoskjema\" class=\"read-more\" href=\"https:\/\/tyrving.idrett.no\/10\/tlinne\/skoregelen\/\" aria-label=\"Mer p\u00e5 Skoskjema\">Les mer<\/a><\/p>\n","protected":false},"author":42,"featured_media":0,"parent":0,"menu_order":0,"comment_status":"closed","ping_status":"closed","template":"","meta":{"footnotes":""},"_links":{"self":[{"href":"https:\/\/tyrving.idrett.no\/10\/tlinne\/wp-json\/wp\/v2\/pages\/2067"}],"collection":[{"href":"https:\/\/tyrving.idrett.no\/10\/tlinne\/wp-json\/wp\/v2\/pages"}],"about":[{"href":"https:\/\/tyrving.idrett.no\/10\/tlinne\/wp-json\/wp\/v2\/types\/page"}],"author":[{"embeddable":true,"href":"https:\/\/tyrving.idrett.no\/10\/tlinne\/wp-json\/wp\/v2\/users\/42"}],"replies":[{"embeddable":true,"href":"https:\/\/tyrving.idrett.no\/10\/tlinne\/wp-json\/wp\/v2\/comments?post=2067"}],"version-history":[{"count":11,"href":"https:\/\/tyrving.idrett.no\/10\/tlinne\/wp-json\/wp\/v2\/pages\/2067\/revisions"}],"predecessor-version":[{"id":2160,"href":"https:\/\/tyrving.idrett.no\/10\/tlinne\/wp-json\/wp\/v2\/pages\/2067\/revisions\/2160"}],"wp:attachment":[{"href":"https:\/\/tyrving.idrett.no\/10\/tlinne\/wp-json\/wp\/v2\/media?parent=2067"}],"curies":[{"name":"wp","href":"https:\/\/api.w.org\/{rel}","templated":true}]}}