{"id":2088,"date":"2022-02-05T18:09:22","date_gmt":"2022-02-05T17:09:22","guid":{"rendered":"https:\/\/tyrving.idrett.no\/10\/tlinne\/?page_id=2088"},"modified":"2022-02-05T18:40:31","modified_gmt":"2022-02-05T17:40:31","slug":"teknisk-manual","status":"publish","type":"page","link":"https:\/\/tyrving.idrett.no\/10\/tlinne\/teknisk-manual\/","title":{"rendered":"Teknisk manual"},"content":{"rendered":"<h2>DOMMEREN SOM VEILEDER FOR UT\u00d8VERE 10-12 \u00c5R<\/h2>\n<p>Friidrettens konkurranseregler er laget med tanke p\u00e5 voksne ut\u00f8vere, og skal ikke overf\u00f8res i streng form til konkurranser for barn 10-12 \u00e5r.<\/p>\n<p>Praktiseringen av regelverket for barn skal v\u00e6re romslig og rettferdig slik at barna opplever mestringsglede og har det moro p\u00e5 friidrettsbanen.<\/p>\n<p>\u00d8velsesleder\/dommer for barn skal v\u00e6re mer veiledende enn d\u00f8mmende i forhold til friidrettens regler.<\/p>\n<p>Ingen ut\u00f8ver i denne aldersgruppen skal utelukkes fra deltakelse, bli diskvalifisert eller ikke f\u00e5 godkjent resultat som f\u00f8lge av regelbrudd.\u00a0 Dersom barn som er 12 \u00e5r og yngre ikke utf\u00f8rer \u00f8velsen riktig, b\u00f8r de veiledes og f\u00e5 nytt fors\u00f8k slik at de oppn\u00e5r et gyldig resultat.<\/p>\n<h2>STARTLISTER OG ORIGINALE RESULTATLISTER<\/h2>\n<p>Startlistene hentes av \u00f8velsesleder p\u00e5 stevnekontoret, og\u00a0resultatlisten leveres tilbake dit straks \u00f8velsen er ferdig og resultatene er f\u00f8rt inn.\u00a0 Signer og not\u00e9r N\u00c5R \u00f8velsen var ferdig.<\/p>\n<h2>RESULTATREGISTRERING<\/h2>\n<h3>L\u00f8p<\/h3>\n<p>L\u00f8psresultatene registreres direkte p\u00e5 data via Finish Lynx\/Fri-res.<\/p>\n<h3>Tekniske \u00f8velser<\/h3>\n<p>\u00d8velsesleder\/dommer sier resultatet, samtidig som han noterer dette p\u00e5 startkort. F\u00f8ring av resultater i tekniske \u00f8velser: 0=gyldig fors\u00f8k, x=ugyldig fors\u00f8k, -=ut\u00f8veren har st\u00e5tt over fors\u00f8ket<\/p>\n<h4>Lengde\/tresteg\/kule<\/h4>\n<p>Direkteregistrering p\u00e5 banen.\u00a0\u00d8velsesleder\/dommer sier resultatet, samtidig som han noterer det p\u00e5 startkort p\u00e5 banen. Dataansvarlig er plassert p\u00e5 \u00f8velsesstedet og taster inn resultatet, og<br \/>\ngjentar dette for kontroll.<\/p>\n<h4>H\u00f8yde\/Stav<\/h4>\n<p>H\u00f8yde\/stav har ikke direkteregistrering. Dommer registrerer resultat p\u00e5 startkort p\u00e5 banen.<\/p>\n<h4>Finaler i tekniske \u00f8velser<\/h4>\n<p>For 13 \u00e5r og eldre gjennomf\u00f8res finale omgang.<\/p>\n<p>Etter tre fors\u00f8k skriver data-ansvarlig ut sortert finaleliste for de \u00e5tte beste. Denne gis til dommer av data-ansvarlig f\u00f8r de siste omgangene. Leder for \u00f8velsen<br \/>\nbes kontrollere at finalelisten stemmer med egne noteringer.<\/p>\n<p>NB! Hvis det er \u00e5tte ut\u00f8vere eller f\u00e6rre i klassen, skal alle ha seks fors\u00f8k, ogs\u00e5 ut\u00f8vere uten gyldig resultat etter tre fors\u00f8k.<\/p>\n<h2>ADVARSEL\/DISKVALIFIKASJON<\/h2>\n<p>Ved usportslig eller ukorrekt oppf\u00f8rsel kan overdommer gi en ut\u00f8ver advarsel (gult kort) eller utvise en ut\u00f8ver (r\u00f8dt kort). Advarsel og diskvalifikasjon skal rapporteres til stevnekontoret og til \u00f8vrige overdommere, og skal avmerkes i resultatlisten.<\/p>\n<h2>\u00d8VELSESKOLLISJON<\/h2>\n<p>Tidsskjemaet er satt opp med sikte p\u00e5 \u00e5 unng\u00e5 kollisjoner, men dersom dette likevel inntreffer, gjelder f\u00f8lgende:<\/p>\n<p>\u00d8velsesleder fors\u00f8ker \u00e5 tilpasse avviklingen slik at ulempene blir minst mulig for deltakerne. Men:<\/p>\n<p>L\u00f8p m\u00e5 prioriteres.<br \/>\nUt\u00f8verne m\u00e5 melde fra til \u00f8velsesleder, og avtale hvordan tilpassing skal skje (st\u00e5 over, ta fors\u00f8k tidligere\/senere i omgangen)<\/p>\n<h2>MATERIELLANSVARLIG<\/h2>\n<p>Materiellansvarlig har tilholdssted p\u00e5 lageret under hovedtribunen.\u00a0 Alt teknisk utstyr skal hentes og leveres tilbake av \u00f8velsesleder, hvis ikke annet er avtalt med materiellansvarlig.<\/p>\n<h2>L \u00d8 P<\/h2>\n<p>NULL-TEST AV EL-TIDS-ANLEGGENE:\u00a0En\u00a0Null-test\u00a0(R165.14, R165.19)\u00a0av\u00a0elektronisk tidtakingsystem skal gjennom-f\u00f8res\u00a0for\u00a0hver gang systemet tas\u00a0i bruk for hvert stevne eller har v\u00e6rt flyttet.\u00a0 Stevnelder eller \u00f8velsesleder har sammen med leder el-tid ansvar for at testen gjennomf\u00f8res.<\/p>\n<h2>HOPP<\/h2>\n<p>Det skal\u00a0<em>ikke\u00a0<\/em>foretas omhopp for \u00e5 k\u00e5re en vinner hvis to eller flere ut\u00f8vere har likt resultat til slutt.<\/p>\n<h3>H\u00f8yde\/stav<\/h3>\n<p>NB: Hvis \u00e9n ut\u00f8ver er alene igjen i sin klasse (har vunnet), kan ut\u00f8veren selv bestemme neste h\u00f8yde. Dette skal ikke p\u00e5virke de andre ut\u00f8vernes rett til \u00e5 hoppe p\u00e5 forutbestemte h\u00f8yder, dersom flere klasser hopper sammen.<\/p>\n<p>Begynnerh\u00f8yde i h\u00f8yde\/stav avklares med dommer. Hopph\u00f8yden flyttes opp 5cm av gangen i h\u00f8yde.<\/p>\n<h3>Lengde\/tresteg<\/h3>\n<p>Grop 1:\u00a0\u00a0er p\u00e5 bortre langside \u2013 n\u00e6rmest 200m starten.<br \/>\nGrop 2\u00a0:\u00a0 er p\u00e5 bortre langside \u2013 n\u00e6rmest 300m starten.<\/p>\n<table style=\"height: 197px\" width=\"1183\">\n<tbody>\n<tr>\n<td width=\"302\">Aldersgruppe<\/td>\n<td width=\"302\"><\/td>\n<\/tr>\n<tr>\n<td width=\"302\">10-12 \u00e5r<\/td>\n<td width=\"302\">Satssone 50cm f\u00f8r satslinjen.\u00a0 Alle f\u00e5r 3 hopp.\u00a0 Ingen finaleomgang.<\/td>\n<\/tr>\n<tr>\n<td width=\"302\">13 \u00e5r<\/td>\n<td width=\"302\">Satssone 50cm f\u00f8r satslinjen. Alle f\u00e5r 3 hopp.\u00a0 De \u00e5tte beste f\u00e5r deretter 3 nye hopp. De tre f\u00f8rste hoppene er ogs\u00e5 tellende.<\/td>\n<\/tr>\n<tr>\n<td width=\"302\">14 \u00e5r og eldre<\/td>\n<td width=\"302\">Alle f\u00e5r 3 hopp.\u00a0 De \u00e5tte beste f\u00e5r deretter 3 nye hopp. De tre f\u00f8rste hoppene er ogs\u00e5 tellende.<\/td>\n<\/tr>\n<\/tbody>\n<\/table>\n<p>Hvis stor deltakelse i lengde kan klassene bli delt inn i puljer.\u00a0 De \u00e5tte beste etter tre omganger, uavhengig av puljer, vil da g\u00e5 til finalen hvor de f\u00e5r tre nye hopp.<\/p>\n<h2>KAST<\/h2>\n<p>Alle kast skal m\u00e5les.<\/p>\n<h2>F\u00d8RSTEHJELP<\/h2>\n<p>Det vil v\u00e6re lege til stede under lekene. Er det behov for f\u00f8rstehjelp p\u00e5 banen, m\u00e5 \u00f8velsesleder s\u00f8rge for at hjelp blir tilkalt. Ved hvert \u00f8velsessted vil det v\u00e6re litt f\u00f8rstehjelpsutstyr som plaster,\u00a0 isposer og tape<\/p>\n","protected":false},"excerpt":{"rendered":"<p>DOMMEREN SOM VEILEDER FOR UT\u00d8VERE 10-12 \u00c5R Friidrettens konkurranseregler er laget med tanke p\u00e5 voksne ut\u00f8vere, og skal ikke overf\u00f8res i streng form til konkurranser for barn 10-12 \u00e5r. Praktiseringen av regelverket for barn skal v\u00e6re romslig og rettferdig slik at barna opplever mestringsglede og har det moro p\u00e5 friidrettsbanen. &#8230; <a title=\"Teknisk manual\" class=\"read-more\" href=\"https:\/\/tyrving.idrett.no\/10\/tlinne\/teknisk-manual\/\" aria-label=\"Mer p\u00e5 Teknisk manual\">Les mer<\/a><\/p>\n","protected":false},"author":42,"featured_media":0,"parent":0,"menu_order":0,"comment_status":"closed","ping_status":"closed","template":"","meta":{"footnotes":""},"_links":{"self":[{"href":"https:\/\/tyrving.idrett.no\/10\/tlinne\/wp-json\/wp\/v2\/pages\/2088"}],"collection":[{"href":"https:\/\/tyrving.idrett.no\/10\/tlinne\/wp-json\/wp\/v2\/pages"}],"about":[{"href":"https:\/\/tyrving.idrett.no\/10\/tlinne\/wp-json\/wp\/v2\/types\/page"}],"author":[{"embeddable":true,"href":"https:\/\/tyrving.idrett.no\/10\/tlinne\/wp-json\/wp\/v2\/users\/42"}],"replies":[{"embeddable":true,"href":"https:\/\/tyrving.idrett.no\/10\/tlinne\/wp-json\/wp\/v2\/comments?post=2088"}],"version-history":[{"count":6,"href":"https:\/\/tyrving.idrett.no\/10\/tlinne\/wp-json\/wp\/v2\/pages\/2088\/revisions"}],"predecessor-version":[{"id":2098,"href":"https:\/\/tyrving.idrett.no\/10\/tlinne\/wp-json\/wp\/v2\/pages\/2088\/revisions\/2098"}],"wp:attachment":[{"href":"https:\/\/tyrving.idrett.no\/10\/tlinne\/wp-json\/wp\/v2\/media?parent=2088"}],"curies":[{"name":"wp","href":"https:\/\/api.w.org\/{rel}","templated":true}]}}