{"id":2105,"date":"2022-02-06T12:09:55","date_gmt":"2022-02-06T11:09:55","guid":{"rendered":"https:\/\/tyrving.idrett.no\/10\/tlinne\/?page_id=2105"},"modified":"2022-02-08T08:08:19","modified_gmt":"2022-02-08T07:08:19","slug":"lordag-12-02","status":"publish","type":"page","link":"https:\/\/tyrving.idrett.no\/10\/tlinne\/lordag-12-02\/","title":{"rendered":"L\u00f8rdag 12.02"},"content":{"rendered":"<table width=\"579\">\n<tbody>\n<tr>\n<td width=\"121\"><strong>L\u00d8P<\/strong><\/td>\n<td width=\"135\"><\/td>\n<td width=\"122\"><\/td>\n<td width=\"201\"><\/td>\n<\/tr>\n<tr>\n<td>Kl.0930<\/td>\n<td width=\"135\">G13<\/td>\n<td width=\"122\">60 meter<\/td>\n<td width=\"201\">Fors\u00f8k<\/td>\n<\/tr>\n<tr>\n<td>Kl.0946<\/td>\n<td>J14<\/td>\n<td>60 meter<\/td>\n<td>Fors\u00f8k<\/td>\n<\/tr>\n<tr>\n<td>Kl.1002<\/td>\n<td>G15<\/td>\n<td>60 meter<\/td>\n<td>Fors\u00f8k<\/td>\n<\/tr>\n<tr>\n<td>Kl.1018<\/td>\n<td>J13<\/td>\n<td>60 meter<\/td>\n<td>Fors\u00f8k<\/td>\n<\/tr>\n<tr>\n<td>Kl.1045<\/td>\n<td>J12<\/td>\n<td>60 meter<\/td>\n<td>Tid avgj\u00f8rende<\/td>\n<\/tr>\n<tr>\n<td>Kl.1100<\/td>\n<td>G12<\/td>\n<td>60 meter<\/td>\n<td>Tid avgj\u00f8rende<\/td>\n<\/tr>\n<tr>\n<td>Kl.1130<\/td>\n<td>G13<\/td>\n<td>60 meter<\/td>\n<td>Finale<\/td>\n<\/tr>\n<tr>\n<td>Kl.1134<\/td>\n<td>J13<\/td>\n<td>60 meter<\/td>\n<td>Finale<\/td>\n<\/tr>\n<tr>\n<td>Kl.1138<\/td>\n<td>G15<\/td>\n<td>60 meter<\/td>\n<td>Finale<\/td>\n<\/tr>\n<tr>\n<td>Kl.1142<\/td>\n<td>J14<\/td>\n<td>60 meter<\/td>\n<td>Finale<\/td>\n<\/tr>\n<tr>\n<td>Kl.1146<\/td>\n<td>G14<\/td>\n<td>60 meter<\/td>\n<td>Fors\u00f8k<\/td>\n<\/tr>\n<tr>\n<td>Kl.1200<\/td>\n<td>J17<\/td>\n<td>60 meter<\/td>\n<td>Fors\u00f8k<\/td>\n<\/tr>\n<tr>\n<td>Kl.1208<\/td>\n<td>G16<\/td>\n<td>60 meter<\/td>\n<td>Fors\u00f8k<\/td>\n<\/tr>\n<tr>\n<td>Kl.1220<\/td>\n<td>J16<\/td>\n<td>60 meter<\/td>\n<td>Fors\u00f8k<\/td>\n<\/tr>\n<tr>\n<td>Kl.1230<\/td>\n<td>J15<\/td>\n<td>60 meter<\/td>\n<td>Fors\u00f8k<\/td>\n<\/tr>\n<tr>\n<td>Kl.1246<\/td>\n<td>G17<\/td>\n<td>60 meter<\/td>\n<td>Fors\u00f8k<\/td>\n<\/tr>\n<tr>\n<td>Kl.1258<\/td>\n<td>MS<\/td>\n<td>60 meter<\/td>\n<td>Fors\u00f8k<\/td>\n<\/tr>\n<tr>\n<td>Kl.1314<\/td>\n<td>J18\/19<\/td>\n<td>60 meter<\/td>\n<td>Fors\u00f8k<\/td>\n<\/tr>\n<tr>\n<td>Kl.1326<\/td>\n<td>KS<\/td>\n<td>60 meter Para<\/td>\n<td>Tid avgj\u00f8rende<\/td>\n<\/tr>\n<tr>\n<td>Kl.1330<\/td>\n<td>MS<\/td>\n<td>60 meter Para<\/td>\n<td>Tid avgj\u00f8rende<\/td>\n<\/tr>\n<tr>\n<td>Kl.1334<\/td>\n<td>KS<\/td>\n<td>60 meter<\/td>\n<td>Fors\u00f8k<\/td>\n<\/tr>\n<tr>\n<td>Kl.1346<\/td>\n<td>G18\/19<\/td>\n<td>60 meter<\/td>\n<td>Fors\u00f8k<\/td>\n<\/tr>\n<tr>\n<td>Kl.1400<\/td>\n<td>J16<\/td>\n<td>60 meter<\/td>\n<td>Finale<\/td>\n<\/tr>\n<tr>\n<td>Kl.1404<\/td>\n<td>G14<\/td>\n<td>60 meter<\/td>\n<td>Finale<\/td>\n<\/tr>\n<tr>\n<td>Kl.1408<\/td>\n<td>J15<\/td>\n<td>60 meter<\/td>\n<td>Finale<\/td>\n<\/tr>\n<tr>\n<td>Kl.1412<\/td>\n<td>MS<\/td>\n<td>60 meter<\/td>\n<td>Finale<\/td>\n<\/tr>\n<tr>\n<td>Kl.1416<\/td>\n<td>G16<\/td>\n<td>60 meter<\/td>\n<td>Finale<\/td>\n<\/tr>\n<tr>\n<td>Kl.1420<\/td>\n<td>G17<\/td>\n<td>60 meter<\/td>\n<td>Finale<\/td>\n<\/tr>\n<tr>\n<td>Kl.1424<\/td>\n<td>J17<\/td>\n<td>60 meter<\/td>\n<td>Finale<\/td>\n<\/tr>\n<tr>\n<td>Kl.1428<\/td>\n<td>J18\/19<\/td>\n<td>60 meter<\/td>\n<td>Finale<\/td>\n<\/tr>\n<tr>\n<td>Kl.1432<\/td>\n<td>KS<\/td>\n<td>60 meter<\/td>\n<td>Finale<\/td>\n<\/tr>\n<tr>\n<td>Kl.1436<\/td>\n<td>G18\/19<\/td>\n<td>60 meter<\/td>\n<td>Finale<\/td>\n<\/tr>\n<tr>\n<td>Kl.1500<\/td>\n<td>MS<\/td>\n<td>400 meter<\/td>\n<td>Tid avgj\u00f8rende<\/td>\n<\/tr>\n<tr>\n<td>Kl.1520<\/td>\n<td>KS<\/td>\n<td>400 meter<\/td>\n<td>Tid avgj\u00f8rende<\/td>\n<\/tr>\n<tr>\n<td>Kl.1535<\/td>\n<td>G12<\/td>\n<td>600 meter<\/td>\n<td>Tid avgj\u00f8rende<\/td>\n<\/tr>\n<tr>\n<td>Kl.1556<\/td>\n<td>G13<\/td>\n<td>600 meter<\/td>\n<td>Tid avgj\u00f8rende<\/td>\n<\/tr>\n<tr>\n<td>Kl.1617<\/td>\n<td>G10<\/td>\n<td>600 meter<\/td>\n<td>Tid avgj\u00f8rende<\/td>\n<\/tr>\n<tr>\n<td>Kl.1631<\/td>\n<td>J12<\/td>\n<td>600 meter<\/td>\n<td>Tid avgj\u00f8rende<\/td>\n<\/tr>\n<tr>\n<td>Kl.1645<\/td>\n<td>G14<\/td>\n<td>600 meter<\/td>\n<td>Tid avgj\u00f8rende<\/td>\n<\/tr>\n<tr>\n<td>Kl.1700<\/td>\n<td>J11<\/td>\n<td>600 meter<\/td>\n<td>Tid avgj\u00f8rende<\/td>\n<\/tr>\n<tr>\n<td>Kl.1714<\/td>\n<td>J14<\/td>\n<td>600 meter<\/td>\n<td>Tid avgj\u00f8rende<\/td>\n<\/tr>\n<tr>\n<td>Kl.1721<\/td>\n<td>J13<\/td>\n<td>600 meter<\/td>\n<td>Tid avgj\u00f8rende<\/td>\n<\/tr>\n<tr>\n<td>Kl.1735<\/td>\n<td>G11<\/td>\n<td>600 meter<\/td>\n<td>Tid avgj\u00f8rende<\/td>\n<\/tr>\n<tr>\n<td>Kl.1750<\/td>\n<td>J10<\/td>\n<td>600 meter<\/td>\n<td>Tid avgj\u00f8rende<\/td>\n<\/tr>\n<tr>\n<td>Kl.1805<\/td>\n<td>G15<\/td>\n<td>800 meter<\/td>\n<td>Tid avgj\u00f8rende<\/td>\n<\/tr>\n<tr>\n<td>Kl.1823<\/td>\n<td>G16, G17<\/td>\n<td>800 meter<\/td>\n<td>Tid avgj\u00f8rende<\/td>\n<\/tr>\n<tr>\n<td>Kl.1837<\/td>\n<td>J15<\/td>\n<td>800 meter<\/td>\n<td>Tid avgj\u00f8rende<\/td>\n<\/tr>\n<tr>\n<td>Kl.1845<\/td>\n<td>J16, J17<\/td>\n<td>800 meter<\/td>\n<td>Tid avgj\u00f8rende<\/td>\n<\/tr>\n<tr>\n<td>Kl.1900<\/td>\n<td>MS<\/td>\n<td>3000 meter<\/td>\n<td>Tid avgj\u00f8rende<\/td>\n<\/tr>\n<tr>\n<td>Kl.1920<\/td>\n<td>KS<\/td>\n<td>3000 meter<\/td>\n<td>Tid avgj\u00f8rende<\/td>\n<\/tr>\n<tr>\n<td><strong>H\u00d8YDE, stativ 1<\/strong><\/td>\n<td><\/td>\n<td>\u00a0STATIV 1<\/td>\n<td><\/td>\n<\/tr>\n<tr>\n<td>Kl.1200<\/td>\n<td width=\"135\">G18\/19,MS<\/td>\n<td width=\"122\">H\u00f8yde<\/td>\n<td>Stativ 1<\/td>\n<\/tr>\n<tr>\n<td>Kl.1315<\/td>\n<td width=\"135\">J12<\/td>\n<td width=\"122\">H\u00f8yde<\/td>\n<td width=\"201\">Stativ 1<\/td>\n<\/tr>\n<tr>\n<td>Kl.1500<\/td>\n<td width=\"135\">J11<\/td>\n<td width=\"122\">H\u00f8yde<\/td>\n<td width=\"201\">Stativ 1<\/td>\n<\/tr>\n<tr>\n<td>Kl.1630<\/td>\n<td width=\"135\">J10<\/td>\n<td width=\"122\">H\u00f8yde<\/td>\n<td width=\"201\">Stativ 1<\/td>\n<\/tr>\n<tr>\n<td><strong>H\u00d8YDE, stativ 2<\/strong><\/td>\n<td width=\"135\"><\/td>\n<td width=\"122\">STATIV 2<\/td>\n<td width=\"201\"><\/td>\n<\/tr>\n<tr>\n<td>Kl.1230<\/td>\n<td width=\"135\">G10<\/td>\n<td width=\"122\">H\u00f8yde<\/td>\n<td width=\"201\">Stativ 2<\/td>\n<\/tr>\n<tr>\n<td>Kl.1430<\/td>\n<td width=\"135\">G11<\/td>\n<td width=\"122\">H\u00f8yde<\/td>\n<td width=\"201\">Stativ 2<\/td>\n<\/tr>\n<tr>\n<td>Kl.1545<\/td>\n<td width=\"135\">G12<\/td>\n<td width=\"122\">H\u00f8yde<\/td>\n<td width=\"201\">Stativ 2<\/td>\n<\/tr>\n<tr>\n<td>Kl.1730<\/td>\n<td width=\"135\">J18\/19,KS<\/td>\n<td width=\"122\">H\u00f8yde<\/td>\n<td>Stativ 2<\/td>\n<\/tr>\n<tr>\n<td><strong>KULE<\/strong><\/td>\n<td width=\"135\"><\/td>\n<td width=\"122\"><\/td>\n<td><\/td>\n<\/tr>\n<tr>\n<td>Kl.1030<\/td>\n<td width=\"135\">G17,G18\/19,MS<\/td>\n<td width=\"122\">Kule<\/td>\n<td width=\"201\">5kg<\/td>\n<\/tr>\n<tr>\n<td>Kl.1200<\/td>\n<td width=\"135\">J12<\/td>\n<td width=\"122\">Kule<\/td>\n<td width=\"201\">2kg<\/td>\n<\/tr>\n<tr>\n<td>Kl.1300<\/td>\n<td width=\"135\">G12<\/td>\n<td width=\"122\">Kule<\/td>\n<td width=\"201\">3kg<\/td>\n<\/tr>\n<tr>\n<td>Kl.1415<\/td>\n<td width=\"135\">J10<\/td>\n<td width=\"122\">Kule<\/td>\n<td width=\"201\">2kg<\/td>\n<\/tr>\n<tr>\n<td>Kl.1515<\/td>\n<td width=\"135\">G10<\/td>\n<td width=\"122\">Kule<\/td>\n<td width=\"201\">2kg<\/td>\n<\/tr>\n<tr>\n<td>Kl.1730<\/td>\n<td width=\"135\">J18\/19,KS<\/td>\n<td width=\"122\">Kule<\/td>\n<td width=\"201\">4kg<\/td>\n<\/tr>\n<tr>\n<td><strong>LENGDE<\/strong>, Grop 1<\/td>\n<td width=\"135\"><\/td>\n<td width=\"122\"><\/td>\n<td width=\"201\"><\/td>\n<\/tr>\n<tr>\n<td>Kl.1000<\/td>\n<td width=\"135\">G14<\/td>\n<td width=\"122\">Lengde<\/td>\n<td>Grop 1<\/td>\n<\/tr>\n<tr>\n<td>Kl.1115<\/td>\n<td width=\"135\">J18\/19<\/td>\n<td width=\"122\">Lengde<\/td>\n<td>Grop 1<\/td>\n<\/tr>\n<tr>\n<td>Kl.1220<\/td>\n<td width=\"135\">J14<\/td>\n<td width=\"122\">Lengde<\/td>\n<td>Grop 1<\/td>\n<\/tr>\n<tr>\n<td>Kl.1330<\/td>\n<td width=\"135\">J13<\/td>\n<td width=\"122\">Lengde<\/td>\n<td>Grop 1<\/td>\n<\/tr>\n<tr>\n<td>Kl.1530<\/td>\n<td width=\"135\">J15<\/td>\n<td width=\"122\">Lengde<\/td>\n<td>Grop 1<\/td>\n<\/tr>\n<tr>\n<td>Kl.1700<\/td>\n<td width=\"135\">J17<\/td>\n<td width=\"122\">Lengde<\/td>\n<td>Grop 1<\/td>\n<\/tr>\n<tr>\n<td><strong>LENGDE<\/strong>, Grop 2<\/td>\n<td width=\"135\"><\/td>\n<td width=\"122\"><\/td>\n<td><\/td>\n<\/tr>\n<tr>\n<td>Kl.0945<\/td>\n<td width=\"135\">G16<\/td>\n<td width=\"122\">Lengde<\/td>\n<td>Grop 2<\/td>\n<\/tr>\n<tr>\n<td>Kl.1045<\/td>\n<td width=\"135\">KS<\/td>\n<td width=\"122\">Lengde<\/td>\n<td>Grop 2<\/td>\n<\/tr>\n<tr>\n<td>Kl.1200<\/td>\n<td width=\"135\">G13<\/td>\n<td width=\"122\">Lengde<\/td>\n<td>Grop 2<\/td>\n<\/tr>\n<tr>\n<td>Kl.1350<\/td>\n<td width=\"135\">G15<\/td>\n<td width=\"122\">Lengde<\/td>\n<td>Grop 2<\/td>\n<\/tr>\n<tr>\n<td>Kl.1610<\/td>\n<td width=\"135\">J16<\/td>\n<td width=\"122\">Lengde<\/td>\n<td>Grop 2<\/td>\n<\/tr>\n<tr>\n<td>Kl.1700<\/td>\n<td width=\"135\">G17<\/td>\n<td width=\"122\">Lengde<\/td>\n<td>Grop 2<\/td>\n<\/tr>\n<tr>\n<td>Kl.1800<\/td>\n<td width=\"135\">G18\/19,MS<\/td>\n<td width=\"122\">Lengde<\/td>\n<td>Grop 2<\/td>\n<\/tr>\n<tr>\n<td><strong>STAV<\/strong><\/td>\n<td width=\"135\"><\/td>\n<td width=\"122\"><\/td>\n<td><\/td>\n<\/tr>\n<tr>\n<td>Kl.1130<\/td>\n<td width=\"135\">J13-KS<\/td>\n<td width=\"122\">Stav<\/td>\n<td>2 stativer med forskjellig starth\u00f8yde<\/td>\n<\/tr>\n<tr>\n<td>Kl.1500<\/td>\n<td width=\"135\">G13-MS<\/td>\n<td width=\"122\">Stav<\/td>\n<td>2 stativer med forskjellig starth\u00f8yde<\/td>\n<\/tr>\n<\/tbody>\n<\/table>\n","protected":false},"excerpt":{"rendered":"<p>L\u00d8P Kl.0930 G13 60 meter Fors\u00f8k Kl.0946 J14 60 meter Fors\u00f8k Kl.1002 G15 60 meter Fors\u00f8k Kl.1018 J13 60 meter Fors\u00f8k Kl.1045 J12 60 meter Tid avgj\u00f8rende Kl.1100 G12 60 meter Tid avgj\u00f8rende Kl.1130 G13 60 meter Finale Kl.1134 J13 60 meter Finale Kl.1138 G15 60 meter Finale Kl.1142 J14 &#8230; <a title=\"L\u00f8rdag 12.02\" class=\"read-more\" href=\"https:\/\/tyrving.idrett.no\/10\/tlinne\/lordag-12-02\/\" aria-label=\"Mer p\u00e5 L\u00f8rdag 12.02\">Les mer<\/a><\/p>\n","protected":false},"author":42,"featured_media":0,"parent":0,"menu_order":0,"comment_status":"closed","ping_status":"closed","template":"","meta":{"footnotes":""},"_links":{"self":[{"href":"https:\/\/tyrving.idrett.no\/10\/tlinne\/wp-json\/wp\/v2\/pages\/2105"}],"collection":[{"href":"https:\/\/tyrving.idrett.no\/10\/tlinne\/wp-json\/wp\/v2\/pages"}],"about":[{"href":"https:\/\/tyrving.idrett.no\/10\/tlinne\/wp-json\/wp\/v2\/types\/page"}],"author":[{"embeddable":true,"href":"https:\/\/tyrving.idrett.no\/10\/tlinne\/wp-json\/wp\/v2\/users\/42"}],"replies":[{"embeddable":true,"href":"https:\/\/tyrving.idrett.no\/10\/tlinne\/wp-json\/wp\/v2\/comments?post=2105"}],"version-history":[{"count":6,"href":"https:\/\/tyrving.idrett.no\/10\/tlinne\/wp-json\/wp\/v2\/pages\/2105\/revisions"}],"predecessor-version":[{"id":2171,"href":"https:\/\/tyrving.idrett.no\/10\/tlinne\/wp-json\/wp\/v2\/pages\/2105\/revisions\/2171"}],"wp:attachment":[{"href":"https:\/\/tyrving.idrett.no\/10\/tlinne\/wp-json\/wp\/v2\/media?parent=2105"}],"curies":[{"name":"wp","href":"https:\/\/api.w.org\/{rel}","templated":true}]}}