{"id":1563,"date":"2017-06-13T09:43:54","date_gmt":"2017-06-13T07:43:54","guid":{"rendered":"http:\/\/tyrving.idrett.no\/10\/tlute\/?page_id=1563"},"modified":"2021-09-14T18:31:59","modified_gmt":"2021-09-14T16:31:59","slug":"deltakerinformasjon","status":"publish","type":"page","link":"https:\/\/tyrving.idrett.no\/10\/tlute\/informasjon\/deltakerinformasjon","title":{"rendered":"Deltaker informasjon"},"content":{"rendered":"<h2>AVKRYSSING\/OPPROP\/LAGOPPSTILLINGER<\/h2>\n<p>Det blir i \u00e5r elektronisk avkrysning i alle \u00f8velser der ut\u00f8ver blir <strong>automatisk<\/strong> avkrysset.\u00a0 Hvis du skal delta i \u00f8velsen trenger du ikke gj\u00f8re noe. Hvis du <em>ikke<\/em> skal delta, m\u00e5 du velge dette i den linken\u00a0 som sendes p\u00e5 mail i forkant av \u00f8velsen.<\/p>\n<p>Lagoppstilling for stafetter leveres i stevnekontoret 2 timer f\u00f8r start.<\/p>\n<p>Ut\u00f8verne har selv ansvar for \u00e5 v\u00e6re p\u00e5 \u00f8velsesstedet i 10-15 minutter f\u00f8r \u00f8velsene starter.<\/p>\n<h2>OPPRYKK<\/h2>\n<p>I individuelle \u00f8velser kan en ut\u00f8ver ikke starte i mer enn \u00e9n klasse. Unntak fra denne regelen er n\u00e5r \u00f8velsen ikke arrangeres i ut\u00f8verens egen klasse, men da er det en forut-setning at \u00f8velsen er tillatt for ut\u00f8verens aldersklasse. Merk at \u00f8velser som f.eks 60m\/100m, 60mhk\/80mhk, 1500m\/2000m\/3000m her anses som samme \u00f8velse. Hvis en ut\u00f8ver \u00f8nsker \u00e5 delta i en h\u00f8yere aldersklasse i \u00f8velser som finnes i hans egen klasse, m\u00e5 ut\u00f8veren delta i denne aldersklassen i alle \u00f8velser.<\/p>\n<p>I hekkel\u00f8p er det tillatt \u00e5 starte i en klasse over og allikevel starte i sin egen klasse i de andre \u00f8velsene.<\/p>\n<p>I stafetter st\u00e5r lagene fritt til \u00e5 disponere ut\u00f8verne i den aldersklasse de h\u00f8rer hjemme eller i en h\u00f8yere aldersklasse. Samme ut\u00f8ver kan kun l\u00f8pe p\u00e5 ett stafettlag under Oslo Sportslager Tyrvinglekene.<\/p>\n<h2>ETTERANMELDINGER<\/h2>\n<p>Etteranmelding aksepteres mot dobbel startkontingent (kr 250) dersom det er plass i \u00f8velsen. Henvendelse p\u00e5 stevnekontoret.<\/p>\n<h2>STARTNUMMER<\/h2>\n<p>Individuelle startnummer kan hentes lagvis eller individuelt i startnummerutdelingen \u2013 hvitt telt ved hovedinngangen. Startnummeret skal b\u00e6res godt synlig p\u00e5 brystet og m\u00e5 ikke brettes. Det er egne startnummer for stafettene som vil bli utlevert n\u00e5r lagene leverer inn lagoppstillingen i stevnekontoret, senest 2 timer f\u00f8r start.<\/p>\n<h2>OPPVARMING<\/h2>\n<p>L\u00f8p: P\u00e5 kunstgressbanen &#8211; bak hovedtribunen &#8211; hvis banen ikke er opptatt til fotball, ellers p\u00e5 omr\u00e5dene rundt stadion.<br \/>\nHopp\/kast: Generell oppvarming som for l\u00f8p. F\u00f8r hver \u00f8velse starter, f\u00e5r deltakerne l\u00f8pe inn till\u00f8p\/ pr\u00f8vekaste under forutsetning av at de m\u00f8ter i god tid. Det anbefales fri pr\u00f8vekasting\/innhopping under tilsyn av funksjon\u00e6rene, men pass p\u00e5 at alle slipper til!<\/p>\n<h2>F\u00d8RSTEHJELP<\/h2>\n<p>Det vil v\u00e6re lege til stede under lekene. Er det behov for f\u00f8rstehjelp p\u00e5 banen, m\u00e5 \u00f8velsesleder s\u00f8rge for at hjelp blir tilkalt. Ved hvert \u00f8velsessted vil det v\u00e6re litt f\u00f8rstehjelpsutstyr som plaster, isposer og tape.<\/p>\n<h2>\u00d8VELSESKOLLISJON<\/h2>\n<p>Tidsskjemaet er satt opp med sikte p\u00e5 \u00e5 unng\u00e5 kollisjoner, men dersom dette likevel inntreffer, gjelder f\u00f8lgende:<\/p>\n<p>\u00d8velsesleder fors\u00f8ker \u00e5 tilpasse avviklingen slik at ulempene blir minst mulig for deltakerne. Men:<br \/>\n\u2022 L\u00f8p m\u00e5 prioriteres.<br \/>\n\u2022 Ut\u00f8verne m\u00e5 melde fra til \u00f8velsesleder, og avtale hvordan tilpassing skal skje (st\u00e5 over, ta fors\u00f8k tidligere\/senere i omgangen)<\/p>\n<p>Fredag 17.09 vil det v\u00e6re vanskelig \u00e5 kombinere stav med andre \u00f8velser samme dag da stav foreg\u00e5r i B\u00e6rum Idrettspark og ikke p\u00e5 Nadderud stadion.<\/p>\n<h2>GARDEROBER<\/h2>\n<p>P\u00e5 mottatt side av hovedtribunen er garderobebygget. Pga smittesituasjonen oppfordrer vi flest mulig til \u00e5 skifte hjemme.<\/p>\n<h2>PREMIERING<\/h2>\n<p>For 10 \u00e5r: Deltakerpremie for hver dag etter ut\u00f8vers siste \u00f8velse. Premien hentes i startnummerutdelingen.<\/p>\n<p>For 11-12 \u00e5r: De tre beste i hver \u00f8velse f\u00e5r premie utlevert p\u00e5 seierspallen. De resterende ut\u00f8verne f\u00e5r hver dag deltakerpremie som deles ut etter ut\u00f8vers siste \u00f8velse. Premien hentes i startnummerutdelingen.<\/p>\n<p>Fra 13 \u00e5r: 1\/3 premiering, men min. 3 og max 8 premier i hver enkelt\u00f8velse.<\/p>\n<h2>L\u00d8P<\/h2>\n<p>BANE 1 OG BANE 2 er p\u00e5 henholdsvis hovedsiden og p\u00e5 bortre langside.<\/p>\n<p>HEATOPPSETT\/BANEFORDELING avgj\u00f8res p\u00e5 f\u00f8lgende m\u00e5te:<\/p>\n<table style=\"height: 463px\" width=\"823\">\n<tbody>\n<tr>\n<td width=\"302\">Aldersgruppe<\/td>\n<td width=\"302\"><\/td>\n<\/tr>\n<tr>\n<td width=\"302\">10 \u00e5r \u2013 alle l\u00f8p<\/td>\n<td width=\"302\">Automatisk trekking av heatoppsett, tid avgj\u00f8rende, ingen finaler<\/td>\n<\/tr>\n<tr>\n<td width=\"302\">11-12 \u00e5r &#8211; alle l\u00f8p:<\/td>\n<td width=\"302\">Seeding n\u00e5r bestetid er skrevet p\u00e5 oppropslistene.\u00a0 Tid avgj\u00f8rende, ingen finaler.<\/td>\n<\/tr>\n<tr>\n<td width=\"302\">13 \u00e5r og eldre 60m\/100m<\/td>\n<td width=\"302\">Seeding av fors\u00f8kene.<\/p>\n<p>De \u00e5tte beste tidene til finale.<\/td>\n<\/tr>\n<tr>\n<td width=\"302\">13 \u00e5r og eldre, 200m og lengre distanser + hekk<\/td>\n<td width=\"302\">Seeding.\u00a0 Direkte finaler.<\/td>\n<\/tr>\n<tr>\n<td width=\"302\">Stafetter<\/td>\n<td width=\"302\">Seeding. Direkte finaler<\/td>\n<\/tr>\n<\/tbody>\n<\/table>\n<p>Heatoppsettene sl\u00e5s opp ved startstedet f\u00f8r \u00f8velsen starter.<\/p>\n<p><strong>\u00a0<\/strong>Hvis flere har samme tid gjelder f\u00f8lgende:<\/p>\n<ul>\n<li>Best heatplassering.<\/li>\n<li>1000-dels sekund.<\/li>\n<li>Minst fordelaktig vind.<\/li>\n<\/ul>\n<h3>HEKK<\/h3>\n<h4><strong>60MHK<\/strong><\/h4>\n<table style=\"height: 166px\" width=\"1119\">\n<tbody>\n<tr>\n<td width=\"104\"><strong>Klasse<\/strong><\/td>\n<td width=\"66\"><strong>Antall hekker<\/strong><\/td>\n<td width=\"57\"><strong>H\u00f8yde<\/strong><\/td>\n<td width=\"56\"><strong>Til 1. hekk<\/strong><\/td>\n<td width=\"76\"><strong>Mellom hekkene<\/strong><\/td>\n<td width=\"104\"><strong>Fra siste hekk til m\u00e5l<\/strong><\/td>\n<\/tr>\n<tr>\n<td width=\"104\">J11, G11<\/td>\n<td width=\"66\">6<\/td>\n<td width=\"57\">68,0<\/td>\n<td width=\"56\">11,0<\/td>\n<td width=\"76\">6,5<\/td>\n<td width=\"104\">16,5<\/td>\n<\/tr>\n<tr>\n<td width=\"104\">J12, G12<\/td>\n<td width=\"66\">6<\/td>\n<td width=\"57\">76,2<\/td>\n<td width=\"56\">11,0<\/td>\n<td width=\"76\">7,0<\/td>\n<td width=\"104\">14,0<\/td>\n<\/tr>\n<tr>\n<td width=\"104\">J13, J14, G13<\/td>\n<td width=\"66\">6<\/td>\n<td width=\"57\">76,2<\/td>\n<td width=\"56\">11,5<\/td>\n<td width=\"76\">7,5<\/td>\n<td width=\"104\">11,0<\/td>\n<\/tr>\n<\/tbody>\n<\/table>\n<h4><strong>80MHK<\/strong><\/h4>\n<table width=\"463\">\n<tbody>\n<tr>\n<td width=\"104\"><strong>Klasse<\/strong><\/td>\n<td width=\"66\"><strong>Antall hekker<\/strong><\/td>\n<td width=\"57\"><strong>H\u00f8yde<\/strong><\/td>\n<td width=\"56\"><strong>Til 1. hekk<\/strong><\/td>\n<td width=\"76\"><strong>Mellom hekkene<\/strong><\/td>\n<td width=\"104\"><strong>Fra siste hekk til m\u00e5l<\/strong><\/td>\n<\/tr>\n<tr>\n<td width=\"104\">G14<\/td>\n<td width=\"66\">8<\/td>\n<td width=\"57\">84,0<\/td>\n<td width=\"56\">12,0<\/td>\n<td width=\"76\">8,0<\/td>\n<td width=\"104\">12,0<\/td>\n<\/tr>\n<tr>\n<td width=\"104\">J15, J16<\/td>\n<td width=\"66\">8<\/td>\n<td width=\"57\">76,2<\/td>\n<td width=\"56\">12.0<\/td>\n<td width=\"76\">8,0<\/td>\n<td width=\"104\">12,0<\/td>\n<\/tr>\n<\/tbody>\n<\/table>\n<h4>100MHK<\/h4>\n<table width=\"463\">\n<tbody>\n<tr>\n<td width=\"104\"><strong>Klasse<\/strong><\/td>\n<td width=\"66\"><strong>Antall hekker<\/strong><\/td>\n<td width=\"57\"><strong>H\u00f8yde<\/strong><\/td>\n<td width=\"56\"><strong>Til 1. hekk<\/strong><\/td>\n<td width=\"76\"><strong>Mellom hekkene<\/strong><\/td>\n<td width=\"104\"><strong>Fra siste hekk til m\u00e5l<\/strong><\/td>\n<\/tr>\n<tr>\n<td width=\"104\">J17<\/td>\n<td width=\"66\">10<\/td>\n<td width=\"57\">76,2<\/td>\n<td width=\"56\">13,0<\/td>\n<td width=\"76\">8,5<\/td>\n<td width=\"104\">10,5<\/td>\n<\/tr>\n<tr>\n<td width=\"104\">J18\/19, KS, G15<\/td>\n<td width=\"66\">10<\/td>\n<td width=\"57\">84,0<\/td>\n<td width=\"56\">13,0<\/td>\n<td width=\"76\">8,5<\/td>\n<td width=\"104\">10,5<\/td>\n<\/tr>\n<tr>\n<td width=\"104\">G16<\/td>\n<td width=\"66\">10<\/td>\n<td width=\"57\">91,4<\/td>\n<td width=\"56\">13,0<\/td>\n<td width=\"76\">8,5<\/td>\n<td width=\"104\">10,5<\/td>\n<\/tr>\n<\/tbody>\n<\/table>\n<h4><strong>110MHK <\/strong><\/h4>\n<table width=\"468\">\n<tbody>\n<tr>\n<td width=\"106\"><strong>Klasse<\/strong><\/td>\n<td width=\"66\"><strong>Antall hekker<\/strong><\/td>\n<td width=\"57\"><strong>H\u00f8yde<\/strong><\/td>\n<td width=\"57\"><strong>Til 1. hekk<\/strong><\/td>\n<td width=\"75\"><strong>Mellom hekkene<\/strong><\/td>\n<td width=\"107\"><strong>Fra siste hekk til m\u00e5l<\/strong><\/td>\n<\/tr>\n<tr>\n<td width=\"106\">G17<\/td>\n<td width=\"66\">10<\/td>\n<td width=\"57\">91,4<\/td>\n<td width=\"57\">13,72<\/td>\n<td width=\"75\">9,14<\/td>\n<td width=\"107\">14,02<\/td>\n<\/tr>\n<tr>\n<td width=\"106\">G18\/19<\/td>\n<td width=\"66\">10<\/td>\n<td width=\"57\">100,0<\/td>\n<td width=\"57\">13,72<\/td>\n<td width=\"75\">9,14<\/td>\n<td width=\"107\">14,02<\/td>\n<\/tr>\n<tr>\n<td width=\"106\">MS<\/td>\n<td width=\"66\">10<\/td>\n<td width=\"57\">106,7<\/td>\n<td width=\"57\">13,72<\/td>\n<td width=\"75\">9,14<\/td>\n<td width=\"107\">14,02<\/td>\n<\/tr>\n<\/tbody>\n<\/table>\n<h4><strong>\u00a0<\/strong><strong>200MHK<\/strong><\/h4>\n<table width=\"463\">\n<tbody>\n<tr>\n<td width=\"104\"><strong>Klasse<\/strong><\/td>\n<td width=\"66\"><strong>Antall hekker<\/strong><\/td>\n<td width=\"57\"><strong>H\u00f8yde<\/strong><\/td>\n<td width=\"56\"><strong>Til 1. hekk<\/strong><\/td>\n<td width=\"76\"><strong>Mellom hekkene<\/strong><\/td>\n<td width=\"104\"><strong>Fra siste hekk til m\u00e5l<\/strong><\/td>\n<\/tr>\n<tr>\n<td width=\"104\">J13<\/td>\n<td width=\"66\">10<\/td>\n<td width=\"57\">68,0<\/td>\n<td width=\"56\">16,0<\/td>\n<td width=\"76\">19,0<\/td>\n<td width=\"104\">13,0<\/td>\n<\/tr>\n<tr>\n<td width=\"104\">J14<\/td>\n<td width=\"66\">10<\/td>\n<td width=\"57\">76,2<\/td>\n<td width=\"56\">16,0<\/td>\n<td width=\"76\">19,0<\/td>\n<td width=\"104\">13,0<\/td>\n<\/tr>\n<tr>\n<td width=\"104\">G13<\/td>\n<td width=\"66\">10<\/td>\n<td width=\"57\">68,0<\/td>\n<td width=\"56\">18,29<\/td>\n<td width=\"76\">18,29<\/td>\n<td width=\"104\">17,10<\/td>\n<\/tr>\n<tr>\n<td width=\"104\">G14<\/td>\n<td width=\"66\">10<\/td>\n<td width=\"57\">76,2<\/td>\n<td width=\"56\">18,29<\/td>\n<td width=\"76\">18,29<\/td>\n<td width=\"104\">17,10<\/td>\n<\/tr>\n<\/tbody>\n<\/table>\n<h4><strong>\u00a0<\/strong><strong>300MHK<\/strong><\/h4>\n<table width=\"463\">\n<tbody>\n<tr>\n<td width=\"104\"><strong>Klasse<\/strong><\/td>\n<td width=\"66\"><strong>Antall hekker<\/strong><\/td>\n<td width=\"57\"><strong>H\u00f8yde<\/strong><\/td>\n<td width=\"56\"><strong>Til 1. hekk<\/strong><\/td>\n<td width=\"76\"><strong>Mellom hekkene<\/strong><\/td>\n<td width=\"104\"><strong>Fra siste hekk til m\u00e5l<\/strong><\/td>\n<\/tr>\n<tr>\n<td width=\"104\">J15, J16, J17, G15<\/td>\n<td width=\"66\">7<\/td>\n<td width=\"57\">76,2<\/td>\n<td width=\"56\">50,0<\/td>\n<td width=\"76\">35,0<\/td>\n<td width=\"104\">40,0<\/td>\n<\/tr>\n<tr>\n<td width=\"104\">G16, G17<\/td>\n<td width=\"66\">7<\/td>\n<td width=\"57\">84,0<\/td>\n<td width=\"56\">50,0<\/td>\n<td width=\"76\">35,0<\/td>\n<td width=\"104\">40,0<\/td>\n<\/tr>\n<\/tbody>\n<\/table>\n<h4><strong>400MHK<\/strong><\/h4>\n<table width=\"465\">\n<tbody>\n<tr>\n<td width=\"105\"><strong>Klasse<\/strong><\/td>\n<td width=\"66\"><strong>Antall hekker<\/strong><\/td>\n<td width=\"57\"><strong>H\u00f8yde<\/strong><\/td>\n<td width=\"56\"><strong>Til 1. hekk<\/strong><\/td>\n<td width=\"76\"><strong>Mellom hekkene<\/strong><\/td>\n<td width=\"105\"><strong>Fra siste hekk til m\u00e5l<\/strong><\/td>\n<\/tr>\n<tr>\n<td width=\"105\">KS<\/td>\n<td width=\"66\">10<\/td>\n<td width=\"57\">76,2<\/td>\n<td width=\"56\">45,0<\/td>\n<td width=\"76\">35,0<\/td>\n<td width=\"105\">40,0<\/td>\n<\/tr>\n<tr>\n<td width=\"105\">G18\/19, MS<\/td>\n<td width=\"66\">10<\/td>\n<td width=\"57\">91,4<\/td>\n<td width=\"56\">45,0<\/td>\n<td width=\"76\">35,0<\/td>\n<td width=\"105\">40,0<\/td>\n<\/tr>\n<\/tbody>\n<\/table>\n<h2><strong>\u00a0<\/strong>STAFETTER<\/h2>\n<p><strong>4x60m (10-12 \u00e5r og 13-14 \u00e5r)<\/strong><\/p>\n<p>Alle etappene g\u00e5r i delte baner.<\/p>\n<p><strong>Akselerasjons- og vekslingsfelt 4x60m.<\/strong>Vekslingsfeltet skal v\u00e6re 20 m langt, 10 m p\u00e5 hver side av midtstreken i vekslingsfeltet. L\u00f8perne p\u00e5 2., 3. og 4. etappe kan benytte 10 m akselerasjonsfelt foran vekslingsfeltet. L\u00f8peren kan starte innenfor akselerasjonsfeltet, men overlevering av pinnen m\u00e5 foreg\u00e5 innenfor vekslingsfeltet.<\/p>\n<h2>H\u00d8YDE\/STAV<\/h2>\n<p>Det skal <em>ikke <\/em>foretas omhopp for \u00e5 k\u00e5re en vinner hvis to eller flere ut\u00f8vere har likt resultat til slutt.<\/p>\n<p>NB: Hvis \u00e9n ut\u00f8ver er alene igjen i sin klasse (har vunnet), kan ut\u00f8veren selv bestemme neste h\u00f8yde. Dette skal ikke p\u00e5virke de andre ut\u00f8vernes rett til \u00e5 hoppe p\u00e5 forutbestemte h\u00f8yder, dersom flere klasser hopper sammen.<\/p>\n<h3>STAV<\/h3>\n<p><strong><em>Det forutsettes at deltakerne medbringer sin egen stav.<\/em><\/strong><\/p>\n<p>Hopph\u00f8yden flyttes opp 20cm to ganger, deretter 10cm av gangen<strong>.<\/strong><\/p>\n<p><strong>\u00a0<\/strong><strong>\u00a0<\/strong><\/p>\n<h2>LENGDE\/TRESTEG<\/h2>\n<ul>\n<li><strong>Grop 1:\u00a0 <\/strong>er p\u00e5 bortre langside \u2013 n\u00e6rmest 200m starten.<\/li>\n<li><strong>Grop 2<\/strong> :\u00a0 er p\u00e5 bortre langside \u2013 n\u00e6rmest 300m starten.<\/li>\n<li><strong>Grop 3<\/strong> :\u00a0 er i svingen \u2013 like etter m\u00e5l.<\/li>\n<\/ul>\n<table>\n<tbody>\n<tr>\n<td width=\"302\">Aldersgruppe<\/td>\n<td width=\"302\"><\/td>\n<\/tr>\n<tr>\n<td width=\"302\">10-12 \u00e5r<\/td>\n<td width=\"302\">Satssone 50cm f\u00f8r satslinjen.\u00a0 Alle f\u00e5r 3 hopp.\u00a0 Ingen finaleomgang.<\/td>\n<\/tr>\n<tr>\n<td width=\"302\">13 \u00e5r<\/td>\n<td width=\"302\">Satssone 50cm f\u00f8r satslinjen. Alle f\u00e5r 3 hopp.\u00a0 De \u00e5tte beste f\u00e5r deretter 3 nye hopp. De tre f\u00f8rste hoppene er ogs\u00e5 tellende.<\/td>\n<\/tr>\n<tr>\n<td width=\"302\">14 \u00e5r og eldre<\/td>\n<td width=\"302\">Alle f\u00e5r 3 hopp.\u00a0 De \u00e5tte beste f\u00e5r deretter 3 nye hopp. De tre f\u00f8rste hoppene er ogs\u00e5 tellende.<\/td>\n<\/tr>\n<\/tbody>\n<\/table>\n<p>Hvis stor deltakelse i lengde kan klassene bli delt inn i puljer.\u00a0 De \u00e5tte beste etter tre omganger, uavehngi g av puljr, vil da g\u00e5 til finalen hvor de f\u00e5r tre nye hopp.<\/p>\n<h2>KAST<\/h2>\n<h3>KASTREDSKAPER\/KLASSER<\/h3>\n<table>\n<tbody>\n<tr>\n<td width=\"123\"><strong>\u00d8VELSE<\/strong><\/td>\n<td width=\"290\"><strong>KLASSE<\/strong><\/td>\n<td width=\"191\"><strong>VEKT<\/strong><\/td>\n<\/tr>\n<tr>\n<td width=\"123\">Liten ball<\/td>\n<td width=\"290\">J10, J11, J12<\/td>\n<td width=\"191\">150gr.<\/td>\n<\/tr>\n<tr>\n<td width=\"123\"><\/td>\n<td width=\"290\">G10, G11, G12<\/td>\n<td width=\"191\">150gr.<\/td>\n<\/tr>\n<tr>\n<td width=\"123\">Kule<\/td>\n<td width=\"290\">J10, J11, J12, J13, G10, G11<\/td>\n<td width=\"191\">2kg<\/td>\n<\/tr>\n<tr>\n<td width=\"123\"><\/td>\n<td width=\"290\">J14, J15, J16, J17, G12, G13<\/td>\n<td width=\"191\">3kg<\/td>\n<\/tr>\n<tr>\n<td width=\"123\"><\/td>\n<td width=\"290\">J18\/19, KS, G14, G15<\/td>\n<td width=\"191\">4kg<\/td>\n<\/tr>\n<tr>\n<td width=\"123\"><\/td>\n<td width=\"290\">G16, G17<\/td>\n<td width=\"191\">5kg<\/td>\n<\/tr>\n<tr>\n<td width=\"123\"><\/td>\n<td width=\"290\">G18\/19<\/td>\n<td width=\"191\">6kg<\/td>\n<\/tr>\n<tr>\n<td width=\"123\"><\/td>\n<td width=\"290\">MS<\/td>\n<td width=\"191\">7,26kg<\/td>\n<\/tr>\n<tr>\n<td width=\"123\">Spyd<\/td>\n<td width=\"290\">J13, J14, G13<\/td>\n<td width=\"191\">400gr.<\/td>\n<\/tr>\n<tr>\n<td width=\"123\"><\/td>\n<td width=\"290\">J15, J16, J17,<\/td>\n<td width=\"191\">500gr.<\/td>\n<\/tr>\n<tr>\n<td width=\"123\"><\/td>\n<td width=\"290\">J18\/19,KS, G14, G15<\/td>\n<td width=\"191\">600gr.<\/td>\n<\/tr>\n<tr>\n<td width=\"123\"><\/td>\n<td width=\"290\">G16, G17<\/td>\n<td width=\"191\">700gr.<\/td>\n<\/tr>\n<tr>\n<td width=\"123\"><\/td>\n<td width=\"290\">G18\/19, MS<\/td>\n<td width=\"191\">800gr.<\/td>\n<\/tr>\n<tr>\n<td width=\"123\">Diskos<\/td>\n<td width=\"290\">J13<\/td>\n<td width=\"191\">600gr.<\/td>\n<\/tr>\n<tr>\n<td width=\"123\"><\/td>\n<td width=\"290\">J14, J15, G13<\/td>\n<td width=\"191\">750gr.<\/td>\n<\/tr>\n<tr>\n<td width=\"123\"><\/td>\n<td width=\"290\">J16, J17, J18\/19,KS, G14, G15<\/td>\n<td width=\"191\">1kg<\/td>\n<\/tr>\n<tr>\n<td width=\"123\"><\/td>\n<td width=\"290\">G16, G17<\/td>\n<td width=\"191\">1,5kg<\/td>\n<\/tr>\n<tr>\n<td width=\"123\"><\/td>\n<td width=\"290\">G18\/19<\/td>\n<td width=\"191\">1,75kg<\/td>\n<\/tr>\n<tr>\n<td width=\"123\"><\/td>\n<td width=\"290\">MS<\/td>\n<td width=\"191\">2kg<\/td>\n<\/tr>\n<tr>\n<td width=\"123\">Slegge<\/td>\n<td width=\"290\">J13<\/td>\n<td width=\"191\">2kg<\/td>\n<\/tr>\n<tr>\n<td width=\"123\"><\/td>\n<td width=\"290\">J14,J15,J16,J17,G13<\/td>\n<td width=\"191\">3kg<\/td>\n<\/tr>\n<tr>\n<td width=\"123\"><\/td>\n<td width=\"290\">J18\/19,KS,G14,G15<\/td>\n<td width=\"191\">4kg<\/td>\n<\/tr>\n<tr>\n<td width=\"123\"><\/td>\n<td width=\"290\">G16,G17<\/td>\n<td width=\"191\">5kg<\/td>\n<\/tr>\n<tr>\n<td width=\"123\"><\/td>\n<td width=\"290\">G18\/19<\/td>\n<td width=\"191\">6kg<\/td>\n<\/tr>\n<tr>\n<td width=\"123\"><\/td>\n<td width=\"290\">MS<\/td>\n<td width=\"191\">7,26kg<\/td>\n<\/tr>\n<\/tbody>\n<\/table>\n<h3>KONTROLL AV PRIVATE REDSKAPER<\/h3>\n<p>Kontrollen foreg\u00e5r ved start 100m. Innleveres senest 1 t f\u00f8r \u00f8velsen starter (kan selvsagt tas i mot senere hvis det ikke medf\u00f8rer problemer). Redskap som er kontrollert, MERKES med sprittusj. NB: Ogs\u00e5 Tyrvings redskaper skal merkes, slik at \u00f8velsesleder kan kontrollere at bare godkjent redskap er i bruk. All godkjent redskap \u2013 ogs\u00e5 privat \u2013 bringes ut p\u00e5 banen av \u00f8velsesleder og materialforvalter.<\/p>\n<p>Det er mest praktisk at ut\u00f8verne tar med seg privat redskap n\u00e5r \u00f8velsen er ferdig. All annen redskap bringes tilbake til materiellageret av \u00f8velsesleder.<\/p>\n<h3>ANTALL FORS\u00d8K<\/h3>\n<p>10-12 \u00e5r: Alle f\u00e5r 3 fors\u00f8k, ingen finaleomgang.<\/p>\n<p>13 \u00e5r og eldre: Vanlige regler (3 fors\u00f8k for alle + ytterligere 3 for de \u00e5tte beste).\u00a0 Startrekkef\u00f8lgen i 4.-6. omgang bestemmes av resultatet etter 3. omgang).\u00a0 NB! Hvis det er 8 ut\u00f8vere eller f\u00e6rre i klassen, skal alle ha 6 fors\u00f8k. Dette gjelder ogs\u00e5 ut\u00f8vere uten gyldig resultat etter 3 fors\u00f8k.<\/p>\n<h3>M\u00c5LING AV KAST<\/h3>\n<p>Alle kast skal m\u00e5les, unntatt liten ball.<\/p>\n<h3>LITEN BALL<\/h3>\n<p>Det skal brukes kastmerker og kun en ut\u00f8vers lengste kast skal m\u00e5les etter tre omganger.<\/p>\n<p>NB: Bare arrang\u00f8rens egne baller benyttes. Det er ikke tillatt med private baller.<\/p>\n","protected":false},"excerpt":{"rendered":"<p>AVKRYSSING\/OPPROP\/LAGOPPSTILLINGER Det blir i \u00e5r elektronisk avkrysning i alle \u00f8velser der ut\u00f8ver blir automatisk avkrysset.\u00a0 Hvis du skal delta i \u00f8velsen trenger du ikke gj\u00f8re noe. Hvis du ikke skal delta, m\u00e5 du velge dette i den linken\u00a0 som sendes p\u00e5 mail i forkant av \u00f8velsen. Lagoppstilling for stafetter leveres &#8230; <\/p>\n<p class=\"read-more-container\"><a title=\"Deltaker informasjon\" class=\"read-more button\" href=\"https:\/\/tyrving.idrett.no\/10\/tlute\/informasjon\/deltakerinformasjon#more-1563\" aria-label=\"Mer p\u00e5 Deltaker informasjon\">Les mer<\/a><\/p>\n","protected":false},"author":2,"featured_media":0,"parent":1119,"menu_order":0,"comment_status":"closed","ping_status":"closed","template":"","meta":{"generate_page_header":"","footnotes":""},"_links":{"self":[{"href":"https:\/\/tyrving.idrett.no\/10\/tlute\/wp-json\/wp\/v2\/pages\/1563"}],"collection":[{"href":"https:\/\/tyrving.idrett.no\/10\/tlute\/wp-json\/wp\/v2\/pages"}],"about":[{"href":"https:\/\/tyrving.idrett.no\/10\/tlute\/wp-json\/wp\/v2\/types\/page"}],"author":[{"embeddable":true,"href":"https:\/\/tyrving.idrett.no\/10\/tlute\/wp-json\/wp\/v2\/users\/2"}],"replies":[{"embeddable":true,"href":"https:\/\/tyrving.idrett.no\/10\/tlute\/wp-json\/wp\/v2\/comments?post=1563"}],"version-history":[{"count":10,"href":"https:\/\/tyrving.idrett.no\/10\/tlute\/wp-json\/wp\/v2\/pages\/1563\/revisions"}],"predecessor-version":[{"id":2268,"href":"https:\/\/tyrving.idrett.no\/10\/tlute\/wp-json\/wp\/v2\/pages\/1563\/revisions\/2268"}],"up":[{"embeddable":true,"href":"https:\/\/tyrving.idrett.no\/10\/tlute\/wp-json\/wp\/v2\/pages\/1119"}],"wp:attachment":[{"href":"https:\/\/tyrving.idrett.no\/10\/tlute\/wp-json\/wp\/v2\/media?parent=1563"}],"curies":[{"name":"wp","href":"https:\/\/api.w.org\/{rel}","templated":true}]}}