{"id":20,"date":"2015-04-20T08:33:52","date_gmt":"2015-04-20T06:33:52","guid":{"rendered":"http:\/\/tyrving.idrett.no\/10\/tl2014\/?page_id=20"},"modified":"2021-06-28T09:32:28","modified_gmt":"2021-06-28T07:32:28","slug":"dagsprogrammet","status":"publish","type":"page","link":"https:\/\/tyrving.idrett.no\/10\/tlute\/informasjon\/dagsprogrammet","title":{"rendered":"Dagsprogrammet"},"content":{"rendered":"<p>FREDAG 17.09.21<\/p>\n<table width=\"718\">\n<tbody>\n<tr>\n<td width=\"84\">J11<\/td>\n<td width=\"244\">200m-lengde-kule<\/td>\n<td width=\"97\">G11<\/td>\n<td width=\"293\">200m-lengde-kule<\/td>\n<\/tr>\n<tr>\n<td width=\"84\">J12<\/td>\n<td width=\"244\">1500m-kule<\/td>\n<td width=\"97\">G12<\/td>\n<td width=\"293\">1500m-kule<\/td>\n<\/tr>\n<tr>\n<td width=\"84\">J13<\/td>\n<td width=\"244\">1500m-stav*<\/td>\n<td width=\"97\">G13<\/td>\n<td width=\"293\">1500m-stav*<\/td>\n<\/tr>\n<tr>\n<td width=\"84\">J14<\/td>\n<td width=\"244\">200m-1500m-lengde-stav*-kule<\/td>\n<td width=\"97\">G14<\/td>\n<td width=\"293\">200m-1500m-kule-lengde-stav*<\/td>\n<\/tr>\n<tr>\n<td width=\"84\">J15<\/td>\n<td width=\"244\">1500m-300mhk-lengde-stav*<\/td>\n<td width=\"97\">G15<\/td>\n<td width=\"293\">1500m-300mhk-lengde-spyd-stav*<\/td>\n<\/tr>\n<tr>\n<td width=\"84\">J16<\/td>\n<td width=\"244\">300mhk-3000m-lengde-stav*<\/td>\n<td width=\"97\">G16<\/td>\n<td width=\"293\">300mhk-3000m-lengde-spyd-stav*<\/td>\n<\/tr>\n<tr>\n<td width=\"84\">J17<\/td>\n<td width=\"244\">200m-3000m-300mhk-h\u00f8yde-stav*-kule<\/td>\n<td width=\"97\">G17<\/td>\n<td width=\"293\">200m-3000m-300mhk-h\u00f8yde-spyd-stav*<\/td>\n<\/tr>\n<tr>\n<td width=\"84\">J18\/19, KS<\/td>\n<td width=\"244\">200m-3000m-400mhk-h\u00f8yde-stav*<\/td>\n<td width=\"97\">G18\/19, MS<\/td>\n<td width=\"293\">200m-3000m-400mhk-h\u00f8yde-stav*<\/td>\n<\/tr>\n<\/tbody>\n<\/table>\n<table width=\"100%\">\n<tbody>\n<tr>\n<td>* Stav arrangeres innend\u00f8rs i B\u00e6rum idrettspark (Rud)<\/td>\n<\/tr>\n<\/tbody>\n<\/table>\n<p>L\u00d8RDAG 18.09.21<\/p>\n<table width=\"718\">\n<tbody>\n<tr>\n<td width=\"84\">J10<\/td>\n<td width=\"244\">60m-lengde<\/td>\n<td width=\"97\">G10<\/td>\n<td width=\"293\">60m-lengde<\/td>\n<\/tr>\n<tr>\n<td width=\"84\">J10-12<\/td>\n<td width=\"244\">4x60m stafett<\/td>\n<td width=\"97\">G10-12<\/td>\n<td width=\"293\">4x60m stafett<\/td>\n<\/tr>\n<tr>\n<td width=\"84\">J11<\/td>\n<td width=\"244\">60m-h\u00f8yde<\/td>\n<td width=\"97\">G11<\/td>\n<td width=\"293\">60m-h\u00f8yde<\/td>\n<\/tr>\n<tr>\n<td width=\"84\">J12<\/td>\n<td width=\"244\">60m-600m-lengde<\/td>\n<td width=\"97\">G12<\/td>\n<td width=\"293\">60m-600m-lengde<\/td>\n<\/tr>\n<tr>\n<td width=\"84\">J13<\/td>\n<td width=\"244\">60m-600m-lengde-kule-slegge<\/td>\n<td width=\"97\">G13<\/td>\n<td width=\"293\">60m-600m-lengde-kule-slegge<\/td>\n<\/tr>\n<tr>\n<td width=\"84\">J13-14<\/td>\n<td width=\"244\">4x60m stafett<\/td>\n<td width=\"97\">G13-14<\/td>\n<td width=\"293\">4x60m stafett<\/td>\n<\/tr>\n<tr>\n<td width=\"84\">J14<\/td>\n<td width=\"244\">60m-h\u00f8yde-slegge<\/td>\n<td width=\"97\">G14<\/td>\n<td width=\"293\">60m-slegge-h\u00f8yde<\/td>\n<\/tr>\n<tr>\n<td width=\"84\">J15<\/td>\n<td width=\"244\">200m-800m-80mhk-tresteg-spyd-slegge<\/td>\n<td width=\"97\">G15<\/td>\n<td width=\"293\">200m-800m-100mhk-tresteg-slegge<\/td>\n<\/tr>\n<tr>\n<td width=\"84\">J16<\/td>\n<td width=\"244\">200m-800m-80mhk-tresteg-spyd-slegge<\/td>\n<td width=\"97\">G16<\/td>\n<td width=\"293\">200m-800m-100mhk-tresteg-slegge<\/td>\n<\/tr>\n<tr>\n<td width=\"84\">J17<\/td>\n<td width=\"244\">800m-100mhk-tresteg-spyd-slegge<\/td>\n<td width=\"97\">G17<\/td>\n<td width=\"293\">800m-110mhk-tresteg-slegge<\/td>\n<\/tr>\n<tr>\n<td width=\"84\">J18\/19, KS<\/td>\n<td width=\"244\">800m-100mhk-lengde-kule-spyd-slegge<\/td>\n<td width=\"97\">G18\/19, MS<\/td>\n<td width=\"293\">800m-110mhk-lengde-slegge-spyd<\/td>\n<\/tr>\n<\/tbody>\n<\/table>\n<p>&nbsp;<\/p>\n<p>S\u00d8NDAG 19.09.21<\/p>\n<table width=\"718\">\n<tbody>\n<tr>\n<td width=\"84\">J10<\/td>\n<td width=\"244\">600m-ball-kule<\/td>\n<td width=\"97\">G10<\/td>\n<td width=\"293\">600m-ball-kule<\/td>\n<\/tr>\n<tr>\n<td width=\"84\">J11<\/td>\n<td width=\"244\">60mhk-600m-1000m kappgang-ball<\/td>\n<td width=\"97\">G11<\/td>\n<td width=\"293\">60mhk-600m-1000m kappgang-ball<\/td>\n<\/tr>\n<tr>\n<td width=\"84\">J12<\/td>\n<td width=\"244\">200m-60mhk-1000m kappgang-h\u00f8yde-ball<\/td>\n<td width=\"97\">G12<\/td>\n<td width=\"293\">200m-60mhk-1000m kappgang-h\u00f8yde-ball<\/td>\n<\/tr>\n<tr>\n<td width=\"84\">J13<\/td>\n<td width=\"244\">60mhk-200m-1000m kappgang-h\u00f8yde-tresteg-spyd-diskos<\/td>\n<td width=\"97\">G13<\/td>\n<td width=\"293\">60mhk-200m-1000m kappgang-h\u00f8yde-tresteg-spyd- diskos<\/td>\n<\/tr>\n<tr>\n<td width=\"84\">J14<\/td>\n<td width=\"244\">60mhk-600m-1000m kappgang-tresteg-spyd-diskos<\/td>\n<td width=\"97\">G14<\/td>\n<td width=\"293\">80mhk-600m-1000m kappgang-h\u00f8yde-tresteg-spyd- diskos<\/td>\n<\/tr>\n<tr>\n<td width=\"84\">J15<\/td>\n<td width=\"244\">100m-h\u00f8yde-kule-diskos<\/td>\n<td width=\"97\">G15<\/td>\n<td width=\"293\">100m-h\u00f8yde-kule-diskos<\/td>\n<\/tr>\n<tr>\n<td width=\"84\">J16<\/td>\n<td width=\"244\">100m-h\u00f8yde-kule-diskos<\/td>\n<td width=\"97\">G16<\/td>\n<td width=\"293\">100m-h\u00f8yde-kule-diskos<\/td>\n<\/tr>\n<tr>\n<td width=\"84\">J17<\/td>\n<td width=\"244\">100m-400m-lengde-diskos<\/td>\n<td width=\"97\">G17<\/td>\n<td width=\"293\">100m-400m-lengde-kule-diskos<\/td>\n<\/tr>\n<tr>\n<td width=\"84\">J18\/19, KS<\/td>\n<td width=\"244\">100m-400m-tresteg-diskos<\/td>\n<td width=\"97\">G18\/19, MS<\/td>\n<td width=\"293\">100m-400m-tresteg-kule-diskos<\/td>\n<\/tr>\n<\/tbody>\n<\/table>\n<p>&nbsp;<\/p>\n","protected":false},"excerpt":{"rendered":"<p>FREDAG 17.09.21 J11 200m-lengde-kule G11 200m-lengde-kule J12 1500m-kule G12 1500m-kule J13 1500m-stav* G13 1500m-stav* J14 200m-1500m-lengde-stav*-kule G14 200m-1500m-kule-lengde-stav* J15 1500m-300mhk-lengde-stav* G15 1500m-300mhk-lengde-spyd-stav* J16 300mhk-3000m-lengde-stav* G16 300mhk-3000m-lengde-spyd-stav* J17 200m-3000m-300mhk-h\u00f8yde-stav*-kule G17 200m-3000m-300mhk-h\u00f8yde-spyd-stav* J18\/19, KS 200m-3000m-400mhk-h\u00f8yde-stav* G18\/19, MS 200m-3000m-400mhk-h\u00f8yde-stav* * Stav arrangeres innend\u00f8rs i B\u00e6rum idrettspark (Rud) L\u00d8RDAG 18.09.21 J10 60m-lengde G10 60m-lengde &#8230; <\/p>\n<p class=\"read-more-container\"><a title=\"Dagsprogrammet\" class=\"read-more button\" href=\"https:\/\/tyrving.idrett.no\/10\/tlute\/informasjon\/dagsprogrammet#more-20\" aria-label=\"Mer p\u00e5 Dagsprogrammet\">Les mer<\/a><\/p>\n","protected":false},"author":2,"featured_media":0,"parent":1119,"menu_order":2,"comment_status":"closed","ping_status":"closed","template":"","meta":{"generate_page_header":"","footnotes":""},"_links":{"self":[{"href":"https:\/\/tyrving.idrett.no\/10\/tlute\/wp-json\/wp\/v2\/pages\/20"}],"collection":[{"href":"https:\/\/tyrving.idrett.no\/10\/tlute\/wp-json\/wp\/v2\/pages"}],"about":[{"href":"https:\/\/tyrving.idrett.no\/10\/tlute\/wp-json\/wp\/v2\/types\/page"}],"author":[{"embeddable":true,"href":"https:\/\/tyrving.idrett.no\/10\/tlute\/wp-json\/wp\/v2\/users\/2"}],"replies":[{"embeddable":true,"href":"https:\/\/tyrving.idrett.no\/10\/tlute\/wp-json\/wp\/v2\/comments?post=20"}],"version-history":[{"count":74,"href":"https:\/\/tyrving.idrett.no\/10\/tlute\/wp-json\/wp\/v2\/pages\/20\/revisions"}],"predecessor-version":[{"id":2027,"href":"https:\/\/tyrving.idrett.no\/10\/tlute\/wp-json\/wp\/v2\/pages\/20\/revisions\/2027"}],"up":[{"embeddable":true,"href":"https:\/\/tyrving.idrett.no\/10\/tlute\/wp-json\/wp\/v2\/pages\/1119"}],"wp:attachment":[{"href":"https:\/\/tyrving.idrett.no\/10\/tlute\/wp-json\/wp\/v2\/media?parent=20"}],"curies":[{"name":"wp","href":"https:\/\/api.w.org\/{rel}","templated":true}]}}