{"id":2046,"date":"2021-08-31T14:33:00","date_gmt":"2021-08-31T12:33:00","guid":{"rendered":"https:\/\/tyrving.idrett.no\/10\/tlute\/?page_id=2046"},"modified":"2021-09-12T16:54:18","modified_gmt":"2021-09-12T14:54:18","slug":"smittevern","status":"publish","type":"page","link":"https:\/\/tyrving.idrett.no\/10\/tlute\/smittevern","title":{"rendered":"Smittevern"},"content":{"rendered":"\t\t<div data-elementor-type=\"wp-page\" data-elementor-id=\"2046\" class=\"elementor elementor-2046\">\n\t\t\t\t\t\t\t\t\t<section class=\"elementor-section elementor-top-section elementor-element elementor-element-2c374269 elementor-section-boxed elementor-section-height-default elementor-section-height-default\" data-id=\"2c374269\" data-element_type=\"section\">\n\t\t\t\t\t\t<div class=\"elementor-container elementor-column-gap-default\">\n\t\t\t\t\t<div class=\"elementor-column elementor-col-100 elementor-top-column elementor-element elementor-element-7f667063\" data-id=\"7f667063\" data-element_type=\"column\">\n\t\t\t<div class=\"elementor-widget-wrap elementor-element-populated\">\n\t\t\t\t\t\t\t\t<div class=\"elementor-element elementor-element-71d8292d elementor-widget elementor-widget-text-editor\" data-id=\"71d8292d\" data-element_type=\"widget\" data-widget_type=\"text-editor.default\">\n\t\t\t\t<div class=\"elementor-widget-container\">\n\t\t\t\t\t\t\t<p>Vi tar smittevernreglementet p\u00e5 alvor. Under finner du informasjon vedr\u00f8rende smittevern under Tyrvinglekene.<\/p>\n<p><strong>Soneinndeling<\/strong>:<\/p>\n<p>Nadderud Stadion vil bli delt inn i 4 soner. Publikum som beveger seg inn p\u00e5 stadionomr\u00e5det m\u00e5 registreres ved ankomst, via en QR-kode. Vi benytter NIFs system.&nbsp; Merk at det er forskjellig kriterier for \u00e5 oppholde seg i de ulike sonene:<\/p>\n<p><img decoding=\"async\" loading=\"lazy\" class=\"wp-image-2053 alignleft\" src=\"https:\/\/tyrving.idrett.no\/10\/tlute\/files\/2021\/08\/image_6483441-225x300.jpg\" alt=\"\" width=\"345\" height=\"460\" srcset=\"https:\/\/tyrving.idrett.no\/10\/tlute\/files\/2021\/08\/image_6483441-225x300.jpg 225w, https:\/\/tyrving.idrett.no\/10\/tlute\/files\/2021\/08\/image_6483441-768x1024.jpg 768w, https:\/\/tyrving.idrett.no\/10\/tlute\/files\/2021\/08\/image_6483441-600x800.jpg 600w, https:\/\/tyrving.idrett.no\/10\/tlute\/files\/2021\/08\/image_6483441-1152x1536.jpg 1152w, https:\/\/tyrving.idrett.no\/10\/tlute\/files\/2021\/08\/image_6483441-1536x2048.jpg 1536w, https:\/\/tyrving.idrett.no\/10\/tlute\/files\/2021\/08\/image_6483441.jpg 1620w\" sizes=\"(max-width: 345px) 100vw, 345px\" \/>Sone 1 (Hovedtribune): 200 personer.&nbsp;<\/p>\n<p>Sone 2: (Tribunevest): 200 personer.<\/p>\n<p>Sone 3 (Bane og ut\u00f8vertribune): 200 personer, kun ut\u00f8vere, funksjon\u00e6rer og akkrediterte trenere.<\/p>\n<p>Sone 4 (Avkrysning og hovedkiosk): maks 200 personer, vakt som sikrer at det ikke kommer inn flere enn 200 personer.<\/p>\n<p><\/p>\n<p><\/p>\n<p><b>Vi g\u00e5r bort i fra regelen om koronapass eller negativ pr\u00f8ve, og skalerer antall publikum ned til 200 personer i b\u00e5de sone 1 og sone 2.&nbsp;<\/b><\/p><ul>\n<\/ul>\t\t\t\t\t\t<\/div>\n\t\t\t\t<\/div>\n\t\t\t\t\t<\/div>\n\t\t<\/div>\n\t\t\t\t\t\t\t<\/div>\n\t\t<\/section>\n\t\t\t\t\t\t\t<\/div>\n\t\t","protected":false},"excerpt":{"rendered":"<p>Vi tar smittevernreglementet p\u00e5 alvor. Under finner du informasjon vedr\u00f8rende smittevern under Tyrvinglekene. Soneinndeling: Nadderud Stadion vil bli delt inn i 4 soner. Publikum som beveger seg inn p\u00e5 stadionomr\u00e5det m\u00e5 registreres ved ankomst, via en QR-kode. Vi benytter NIFs system.&nbsp; Merk at det er forskjellig kriterier for \u00e5 oppholde &#8230; <\/p>\n<p class=\"read-more-container\"><a title=\"Smittevern\" class=\"read-more button\" href=\"https:\/\/tyrving.idrett.no\/10\/tlute\/smittevern#more-2046\" aria-label=\"Mer p\u00e5 Smittevern\">Les mer<\/a><\/p>\n","protected":false},"author":44,"featured_media":0,"parent":0,"menu_order":0,"comment_status":"closed","ping_status":"closed","template":"","meta":{"generate_page_header":"","footnotes":""},"_links":{"self":[{"href":"https:\/\/tyrving.idrett.no\/10\/tlute\/wp-json\/wp\/v2\/pages\/2046"}],"collection":[{"href":"https:\/\/tyrving.idrett.no\/10\/tlute\/wp-json\/wp\/v2\/pages"}],"about":[{"href":"https:\/\/tyrving.idrett.no\/10\/tlute\/wp-json\/wp\/v2\/types\/page"}],"author":[{"embeddable":true,"href":"https:\/\/tyrving.idrett.no\/10\/tlute\/wp-json\/wp\/v2\/users\/44"}],"replies":[{"embeddable":true,"href":"https:\/\/tyrving.idrett.no\/10\/tlute\/wp-json\/wp\/v2\/comments?post=2046"}],"version-history":[{"count":9,"href":"https:\/\/tyrving.idrett.no\/10\/tlute\/wp-json\/wp\/v2\/pages\/2046\/revisions"}],"predecessor-version":[{"id":2183,"href":"https:\/\/tyrving.idrett.no\/10\/tlute\/wp-json\/wp\/v2\/pages\/2046\/revisions\/2183"}],"wp:attachment":[{"href":"https:\/\/tyrving.idrett.no\/10\/tlute\/wp-json\/wp\/v2\/media?parent=2046"}],"curies":[{"name":"wp","href":"https:\/\/api.w.org\/{rel}","templated":true}]}}