{"id":2190,"date":"2021-09-12T17:04:03","date_gmt":"2021-09-12T15:04:03","guid":{"rendered":"https:\/\/tyrving.idrett.no\/10\/tlute\/?page_id=2190"},"modified":"2021-09-16T11:17:40","modified_gmt":"2021-09-16T09:17:40","slug":"teknisk-manual","status":"publish","type":"page","link":"https:\/\/tyrving.idrett.no\/10\/tlute\/teknisk-manual","title":{"rendered":"Teknisk manual"},"content":{"rendered":"<h2>GENERELL INFORMASJON<\/h2>\n<h3>DOMMEREN SOM VEILEDER \u2013 FOR UT\u00d8VERE 10-12 \u00c5R<\/h3>\n<p>Friidrettens konkurranseregler er laget med tanke p\u00e5 voksne ut\u00f8vere, og skal ikke overf\u00f8res i streng form til konkurranser for barn 10-12 \u00e5r.<\/p>\n<p>Praktiseringen av regelverket for barn skal v\u00e6re romslig og rettferdig slik at barna opplever mestringsglede og har det moro p\u00e5 friidrettsbanen.<\/p>\n<p>\u00d8velsesleder\/dommer for barn skal v\u00e6re mer veiledende enn d\u00f8mmende i forhold til friidrettens regler.<\/p>\n<p><strong><em>Ingen ut\u00f8ver i denne aldersgruppen skal utelukkes fra deltakelse, bli diskvalifisert eller ikke f\u00e5 godkjent resultat som f\u00f8lge av regelbrudd.\u00a0 Dersom barn som er 12 \u00e5r og yngre ikke utf\u00f8rer \u00f8velsen riktig, b\u00f8r de veiledes og f\u00e5 nytt fors\u00f8k slik at de oppn\u00e5r et gyldig resultat.<\/em><\/strong><\/p>\n<h4>STARTLISTER OG ORIGINALE RESULTATLISTER<\/h4>\n<p>Startlistene hentes av \u00f8velsesleder p\u00e5 stevnekontoret, og <strong>resultatlisten leveres tilbake dit straks \u00f8velsen er ferdig og resultatene er f\u00f8rt inn<\/strong>.\u00a0 Not\u00e9r N\u00c5R \u00f8velsen var ferdig.<\/p>\n<h3><strong>RESULTATREGISTRERING<\/strong><\/h3>\n<p><strong>L\u00f8p: <\/strong>L\u00f8psresultatene registreres direkte p\u00e5 data.<\/p>\n<p><strong>Hopp\/kast: <\/strong>\u00d8velsesleder\/dommer utstyres med telefon og har direkte kontakt med dataansvarlig for \u00f8velsen.\u00a0 \u00d8velsesleder\/dommer sier resultat og vind, samtidig som han noterer resultat og vind p\u00e5 startlisten ute p\u00e5 banen.\u00a0 Dataansvarlig taster inn resultat og vind, og gjentar dette for kontroll.\u00a0 Etter 3 fors\u00f8k skrives ut sortert resultatliste som bringes ut p\u00e5 banen f\u00f8r de siste omgangene.\u00a0 <strong>Leder for \u00f8velsen bes kontrollere at listen stemmer med egne noteringer. <\/strong>NB! Hvis det er 8 ut\u00f8vere eller f\u00e6rre i klassen, skal alle ha 6 fors\u00f8k, ogs\u00e5 ut\u00f8vere uten gyldig resultat etter 3 fors\u00f8k. (Gjelder 13 \u00e5r og eldre). <strong>Kastbanen og h\u00f8yde\/stav har ikke telefonkontakt.<\/strong><\/p>\n<p>F\u00f8ring av resultater i tekniske \u00f8velser: 0=gyldig fors\u00f8k, x=ugyldig fors\u00f8k, -=ut\u00f8veren har st\u00e5tt over fors\u00f8ket.<\/p>\n<h3>ADVARSEL\/DISKVALIFIKASJON<\/h3>\n<p>Ved usportslig eller ukorrekt oppf\u00f8rsel kan overdommer gi en ut\u00f8ver advarsel (gult kort) eller utvise en ut\u00f8ver (r\u00f8dt kort). Advarsel og diskvalifikasjon skal rapporteres til stevnekontoret og til \u00f8vrige overdommere, og skal avmerkes i resultatlisten.<\/p>\n<h3>\u00d8VELSESKOLLISJON<\/h3>\n<p>Tidsskjemaet er satt opp med sikte p\u00e5 \u00e5 unng\u00e5 kollisjoner, men dersom dette likevel inntreffer, gjelder f\u00f8lgende:<\/p>\n<p>\u00d8velsesleder fors\u00f8ker \u00e5 tilpasse avviklingen slik at ulempene blir minst mulig for deltakerne. Men:<\/p>\n<ul>\n<li>L\u00f8p m\u00e5 prioriteres.<\/li>\n<li>Ut\u00f8verne m\u00e5 melde fra til \u00f8velsesleder, og avtale hvordan tilpassing skal skje (st\u00e5 over, ta fors\u00f8k tidligere\/senere i omgangen)<\/li>\n<\/ul>\n<p><strong>\u00a0<\/strong><strong>MATERIELLANSVARLIG<\/strong><\/p>\n<p>Materiellansvarlig har tilholdssted p\u00e5 lageret under hovedtribunen.\u00a0 Alt teknisk utstyr skal hentes og leveres tilbake av \u00f8velsesleder, hvis ikke annet er avtalt med materiellansvarlig.<\/p>\n<h3>L \u00d8 P<\/h3>\n<h4>NULL-TEST AV EL-TIDS-ANLEGGENE<\/h4>\n<p>En\u00a0<em>Null-test<\/em>\u00a0(R165.14, R165.19)\u00a0av\u00a0elektronisk tidtakingsystem skal gjennom-f\u00f8res\u00a0for\u00a0hver gang systemet tas\u00a0i bruk for hvert stevne eller har v\u00e6rt flyttet.\u00a0 Stevnelder eller \u00f8velsesleder har sammen med leder el-tid ansvar for at testen gjennomf\u00f8res.<\/p>\n<h4>STAFETTER<\/h4>\n<p><strong>4x60m (10-12 \u00e5r og 13-14 \u00e5r)<\/strong><\/p>\n<p>Alle etappene g\u00e5r i delte baner.<\/p>\n<p><strong>Akselerasjons- og vekslingsfelt 4x60m.<\/strong>Vekslingsfeltet skal v\u00e6re 20 m langt, 10 m p\u00e5 hver side av midtstreken i vekslingsfeltet. L\u00f8perne p\u00e5 2., 3. og 4. etappe kan benytte 10 m akselerasjonsfelt foran vekslingsfeltet. L\u00f8peren kan starte innenfor akselerasjonsfeltet, men overlevering av pinnen m\u00e5 foreg\u00e5 innenfor vekslingsfeltet.<\/p>\n<p><strong>Om pinnen mistes<\/strong>, m\u00e5 den tas opp igjen av den som mistet den. L\u00f8peren som henter pinnen, kan forlate l\u00f8pebanen for \u00e5 hente pinnen, men m\u00e5 ikke hindre andre l\u00f8pere. Var ikke vekslingen fullf\u00f8rt, m\u00e5 den (deretter) skje innenfor vekslingsfeltet p\u00e5 vanlig m\u00e5te.<\/p>\n<h3>KAPPGANG<\/h3>\n<p>Distansen for 11-14 \u00e5r i Oslo Sportslager Tyrvinglekene er 1000 meter.<\/p>\n<h4><strong>D\u00d8MMING<\/strong><\/h4>\n<p><strong>Tilsnakk<\/strong><\/p>\n<p>Ut\u00f8vere tilsnakkes n\u00e5r deres teknikk er i ferd med ikke lenger \u00e5 v\u00e6re i overens-stemmelse med pkt 1.<\/p>\n<p><strong>Advarsel<\/strong><\/p>\n<p>N\u00e5r en dommer observerer at en ut\u00f8ver ikke lenger har en teknikk som overens-stemmer med pkt. 1 ved at ut\u00f8veren synlig har mistet kontakt med bakken eller ikke har et rett kne under konkurranse vil vedkommende sende en advarsel til dommerlederen for kappgangkonkurransen.<\/p>\n<p><strong>Diskvalifikasjon <\/strong><\/p>\n<p>N\u00e5r tre advarsler fra tre forskjellige dommere har blitt sendt til dommer-lederen p\u00e5 samme ut\u00f8ver, er ut\u00f8veren diskvalifisert og skal meddeles dette av dommerlederen ved at ut\u00f8veren vises et r\u00f8dt skilt.<\/p>\n<p><strong>NB!<\/strong> I Oslo Sportslager Tyrvinglekene vil det i stedet for diskvalifikasjon som regelverket tilsier, bli gitt 30 sekunder tillegg i tid for hver advarsel.<\/p>\n<h3>HOPP<\/h3>\n<p>Det skal <em>ikke <\/em>foretas omhopp for \u00e5 k\u00e5re en vinner hvis to eller flere ut\u00f8vere har likt resultat til slutt.<\/p>\n<p>NB: Hvis \u00e9n ut\u00f8ver er alene igjen i sin klasse (har vunnet), kan ut\u00f8veren selv bestemme neste h\u00f8yde. Dette skal ikke p\u00e5virke de andre ut\u00f8vernes rett til \u00e5 hoppe p\u00e5 forutbestemte h\u00f8yder, dersom flere klasser hopper sammen.<\/p>\n<h4>Lengde\/tresteg<\/h4>\n<ul>\n<li><strong>Grop 1:\u00a0 <\/strong>er p\u00e5 bortre langside \u2013 n\u00e6rmest 200m starten.<\/li>\n<li><strong>Grop 2<\/strong> :\u00a0 er p\u00e5 bortre langside \u2013 n\u00e6rmest 300m starten.<\/li>\n<\/ul>\n<table>\n<tbody>\n<tr>\n<td width=\"302\">Aldersgruppe<\/td>\n<td width=\"302\"><\/td>\n<\/tr>\n<tr>\n<td width=\"302\">10-12 \u00e5r<\/td>\n<td width=\"302\">Satssone 50cm f\u00f8r satslinjen.\u00a0 Alle f\u00e5r 3 hopp.\u00a0 Ingen finaleomgang.<\/td>\n<\/tr>\n<tr>\n<td width=\"302\">13 \u00e5r<\/td>\n<td width=\"302\">Satssone 50cm f\u00f8r satslinjen. Alle f\u00e5r 3 hopp.\u00a0 De \u00e5tte beste f\u00e5r deretter 3 nye hopp. De tre f\u00f8rste hoppene er ogs\u00e5 tellende.<\/td>\n<\/tr>\n<tr>\n<td width=\"302\">14 \u00e5r og eldre<\/td>\n<td width=\"302\">Alle f\u00e5r 3 hopp.\u00a0 De \u00e5tte beste f\u00e5r deretter 3 nye hopp. De tre f\u00f8rste hoppene er ogs\u00e5 tellende.<\/td>\n<\/tr>\n<\/tbody>\n<\/table>\n<p>Hvis stor deltakelse i lengde kan klassene bli delt inn i puljer.\u00a0 De \u00e5tte beste etter tre omganger, uavhengig av puljer, vil da g\u00e5 til finalen hvor de f\u00e5r tre nye hopp.<\/p>\n<h2>KAST<\/h2>\n<h3>KAST<\/h3>\n<h5>M\u00c5LING AV KAST<\/h5>\n<p>Alle kast skal m\u00e5les, unntatt liten ball der kastmerker benyttes og kun lengste kast m\u00e5les.<\/p>\n<p>Kastmerker kan og brukes i diskos\/slegge. Men da skal kastene m\u00e5les etter hver omgang.<\/p>\n<p>&nbsp;<\/p>\n","protected":false},"excerpt":{"rendered":"<p>GENERELL INFORMASJON DOMMEREN SOM VEILEDER \u2013 FOR UT\u00d8VERE 10-12 \u00c5R Friidrettens konkurranseregler er laget med tanke p\u00e5 voksne ut\u00f8vere, og skal ikke overf\u00f8res i streng form til konkurranser for barn 10-12 \u00e5r. Praktiseringen av regelverket for barn skal v\u00e6re romslig og rettferdig slik at barna opplever mestringsglede og har det &#8230; <\/p>\n<p class=\"read-more-container\"><a title=\"Teknisk manual\" class=\"read-more button\" href=\"https:\/\/tyrving.idrett.no\/10\/tlute\/teknisk-manual#more-2190\" aria-label=\"Mer p\u00e5 Teknisk manual\">Les mer<\/a><\/p>\n","protected":false},"author":44,"featured_media":0,"parent":0,"menu_order":0,"comment_status":"closed","ping_status":"closed","template":"","meta":{"generate_page_header":"","footnotes":""},"_links":{"self":[{"href":"https:\/\/tyrving.idrett.no\/10\/tlute\/wp-json\/wp\/v2\/pages\/2190"}],"collection":[{"href":"https:\/\/tyrving.idrett.no\/10\/tlute\/wp-json\/wp\/v2\/pages"}],"about":[{"href":"https:\/\/tyrving.idrett.no\/10\/tlute\/wp-json\/wp\/v2\/types\/page"}],"author":[{"embeddable":true,"href":"https:\/\/tyrving.idrett.no\/10\/tlute\/wp-json\/wp\/v2\/users\/44"}],"replies":[{"embeddable":true,"href":"https:\/\/tyrving.idrett.no\/10\/tlute\/wp-json\/wp\/v2\/comments?post=2190"}],"version-history":[{"count":6,"href":"https:\/\/tyrving.idrett.no\/10\/tlute\/wp-json\/wp\/v2\/pages\/2190\/revisions"}],"predecessor-version":[{"id":2289,"href":"https:\/\/tyrving.idrett.no\/10\/tlute\/wp-json\/wp\/v2\/pages\/2190\/revisions\/2289"}],"wp:attachment":[{"href":"https:\/\/tyrving.idrett.no\/10\/tlute\/wp-json\/wp\/v2\/media?parent=2190"}],"curies":[{"name":"wp","href":"https:\/\/api.w.org\/{rel}","templated":true}]}}