{"id":2223,"date":"2021-09-13T14:39:45","date_gmt":"2021-09-13T12:39:45","guid":{"rendered":"https:\/\/tyrving.idrett.no\/10\/tlute\/?page_id=2223"},"modified":"2021-09-13T14:41:10","modified_gmt":"2021-09-13T12:41:10","slug":"trenerakkreditering","status":"publish","type":"page","link":"https:\/\/tyrving.idrett.no\/10\/tlute\/trenerakkreditering","title":{"rendered":"Trenerakkreditering"},"content":{"rendered":"<p>I forbindelse med stevnet har vi gjort en forh\u00e5ndstildeling av trenerakkrediteringer til alle klubbene som deltar grunnet covid-19 restriksjoner. Fordelingen er basert p\u00e5 antall ut\u00f8vere og starter som er p\u00e5meldt fra klubbene.<\/p>\n<p>Maks antall akkrediteringer en klubb kan f\u00e5 er 4. Dersom klubben trenger flere akkreditering er man n\u00f8dt til \u00e5 dele p\u00e5 akkrediteringen internt. Vi ber klubbene sende inn en samlet liste over hvilke trenere som \u00f8nsker akkreditering til\u00a0<a href=\"mailto:friidrett@tyrving.no\">friidrett@tyrving.no<\/a>.<\/p>\n<p>Navn p\u00e5 trener:<\/p>\n<p>Klubb:<\/p>\n<p>Telefon:<\/p>\n<p>E-postadresse:<\/p>\n<p>Bostedskommune:<\/p>\n<p>Trenerakkreditering leveres ut ved sekretariatet, samme sted som utlevering av startnummer. Trenerakkrediteringen gjelder for ut\u00f8vertribuner og trenersoner.<\/p>\n","protected":false},"excerpt":{"rendered":"<p>I forbindelse med stevnet har vi gjort en forh\u00e5ndstildeling av trenerakkrediteringer til alle klubbene som deltar grunnet covid-19 restriksjoner. Fordelingen er basert p\u00e5 antall ut\u00f8vere og starter som er p\u00e5meldt fra klubbene. Maks antall akkrediteringer en klubb kan f\u00e5 er 4. Dersom klubben trenger flere akkreditering er man n\u00f8dt til &#8230; <\/p>\n<p class=\"read-more-container\"><a title=\"Trenerakkreditering\" class=\"read-more button\" href=\"https:\/\/tyrving.idrett.no\/10\/tlute\/trenerakkreditering#more-2223\" aria-label=\"Mer p\u00e5 Trenerakkreditering\">Les mer<\/a><\/p>\n","protected":false},"author":44,"featured_media":0,"parent":0,"menu_order":0,"comment_status":"closed","ping_status":"closed","template":"","meta":{"generate_page_header":"","footnotes":""},"_links":{"self":[{"href":"https:\/\/tyrving.idrett.no\/10\/tlute\/wp-json\/wp\/v2\/pages\/2223"}],"collection":[{"href":"https:\/\/tyrving.idrett.no\/10\/tlute\/wp-json\/wp\/v2\/pages"}],"about":[{"href":"https:\/\/tyrving.idrett.no\/10\/tlute\/wp-json\/wp\/v2\/types\/page"}],"author":[{"embeddable":true,"href":"https:\/\/tyrving.idrett.no\/10\/tlute\/wp-json\/wp\/v2\/users\/44"}],"replies":[{"embeddable":true,"href":"https:\/\/tyrving.idrett.no\/10\/tlute\/wp-json\/wp\/v2\/comments?post=2223"}],"version-history":[{"count":2,"href":"https:\/\/tyrving.idrett.no\/10\/tlute\/wp-json\/wp\/v2\/pages\/2223\/revisions"}],"predecessor-version":[{"id":2232,"href":"https:\/\/tyrving.idrett.no\/10\/tlute\/wp-json\/wp\/v2\/pages\/2223\/revisions\/2232"}],"wp:attachment":[{"href":"https:\/\/tyrving.idrett.no\/10\/tlute\/wp-json\/wp\/v2\/media?parent=2223"}],"curies":[{"name":"wp","href":"https:\/\/api.w.org\/{rel}","templated":true}]}}