{"id":45,"date":"2013-03-14T20:08:13","date_gmt":"2013-03-14T19:08:13","guid":{"rendered":"http:\/\/tyrving.idrett.no\/10\/tl2014\/?page_id=45"},"modified":"2021-01-28T12:17:00","modified_gmt":"2021-01-28T11:17:00","slug":"kontakt","status":"publish","type":"page","link":"https:\/\/tyrving.idrett.no\/10\/tlute\/kontakt","title":{"rendered":"Kontakt"},"content":{"rendered":"<p><strong>Stevneadresse:<\/strong> Nadderud stadion, Gamle Ringeriksvei 59, 1357 Bekkestua.<\/p>\n<p><strong>Dersom du har sp\u00f8rsm\u00e5l eller kommentarer knyttet til Oslo Sportslager Tyrvinglekene, kan du kontakte oss p\u00e5 e-post, eller telefon.<\/strong><\/p>\n<p>Tyrving friidrett &#8211; <a href=\"mailto:friidrett(at)tyrving.no\">friidrett@tyrving.no<\/a><\/p>\n<ul>\n<li>Marius L. Igesund &#8211; tlf. 480 77 566.<\/li>\n<li>Kirsten Larsen &#8211; 918 54 384.<\/li>\n<\/ul>\n<p>&nbsp;<\/p>\n","protected":false},"excerpt":{"rendered":"<p>Stevneadresse: Nadderud stadion, Gamle Ringeriksvei 59, 1357 Bekkestua. Dersom du har sp\u00f8rsm\u00e5l eller kommentarer knyttet til Oslo Sportslager Tyrvinglekene, kan du kontakte oss p\u00e5 e-post, eller telefon. Tyrving friidrett &#8211; friidrett@tyrving.no Marius L. Igesund &#8211; tlf. 480 77 566. Kirsten Larsen &#8211; 918 54 384. &nbsp;<\/p>\n","protected":false},"author":20,"featured_media":0,"parent":0,"menu_order":4,"comment_status":"closed","ping_status":"closed","template":"","meta":{"generate_page_header":"","footnotes":""},"_links":{"self":[{"href":"https:\/\/tyrving.idrett.no\/10\/tlute\/wp-json\/wp\/v2\/pages\/45"}],"collection":[{"href":"https:\/\/tyrving.idrett.no\/10\/tlute\/wp-json\/wp\/v2\/pages"}],"about":[{"href":"https:\/\/tyrving.idrett.no\/10\/tlute\/wp-json\/wp\/v2\/types\/page"}],"author":[{"embeddable":true,"href":"https:\/\/tyrving.idrett.no\/10\/tlute\/wp-json\/wp\/v2\/users\/20"}],"replies":[{"embeddable":true,"href":"https:\/\/tyrving.idrett.no\/10\/tlute\/wp-json\/wp\/v2\/comments?post=45"}],"version-history":[{"count":14,"href":"https:\/\/tyrving.idrett.no\/10\/tlute\/wp-json\/wp\/v2\/pages\/45\/revisions"}],"predecessor-version":[{"id":2005,"href":"https:\/\/tyrving.idrett.no\/10\/tlute\/wp-json\/wp\/v2\/pages\/45\/revisions\/2005"}],"wp:attachment":[{"href":"https:\/\/tyrving.idrett.no\/10\/tlute\/wp-json\/wp\/v2\/media?parent=45"}],"curies":[{"name":"wp","href":"https:\/\/api.w.org\/{rel}","templated":true}]}}