{"id":70,"date":"2013-03-14T20:18:14","date_gmt":"2013-03-14T19:18:14","guid":{"rendered":"http:\/\/tyrving.idrett.no\/10\/tl2014\/?page_id=70"},"modified":"2020-03-19T13:33:07","modified_gmt":"2020-03-19T12:33:07","slug":"stevnerekorder","status":"publish","type":"page","link":"https:\/\/tyrving.idrett.no\/10\/tlute\/resultater\/stevnerekorder","title":{"rendered":"Stevnerekorder"},"content":{"rendered":"<p>Stevnerekorder oppdatert etter lekene i 2019 ser du ved \u00e5 klikke p\u00e5 denne linken:<\/p>\n<ul>\n<li><a href=\"http:\/\/tyrving.idrett.no\/10\/tlute\/files\/2020\/03\/Tlrekorder-etter-2019-jenter.pdf\">Jenterekorder<\/a><\/li>\n<li><a href=\"http:\/\/tyrving.idrett.no\/10\/tlute\/files\/2020\/03\/Tl-rekorder-etter-2019-gutter.pdf\">Gutterekorder<\/a><\/li>\n<\/ul>\n<p>Oppdages det feil i rekordene, s\u00e5 send oss en mail om det &#8211; friidrett@tyrving.no<\/p>\n<h5><\/h5>\n","protected":false},"excerpt":{"rendered":"<p>Stevnerekorder oppdatert etter lekene i 2019 ser du ved \u00e5 klikke p\u00e5 denne linken: Jenterekorder Gutterekorder Oppdages det feil i rekordene, s\u00e5 send oss en mail om det &#8211; friidrett@tyrving.no<\/p>\n","protected":false},"author":20,"featured_media":0,"parent":43,"menu_order":1,"comment_status":"closed","ping_status":"closed","template":"","meta":{"generate_page_header":"","footnotes":""},"_links":{"self":[{"href":"https:\/\/tyrving.idrett.no\/10\/tlute\/wp-json\/wp\/v2\/pages\/70"}],"collection":[{"href":"https:\/\/tyrving.idrett.no\/10\/tlute\/wp-json\/wp\/v2\/pages"}],"about":[{"href":"https:\/\/tyrving.idrett.no\/10\/tlute\/wp-json\/wp\/v2\/types\/page"}],"author":[{"embeddable":true,"href":"https:\/\/tyrving.idrett.no\/10\/tlute\/wp-json\/wp\/v2\/users\/20"}],"replies":[{"embeddable":true,"href":"https:\/\/tyrving.idrett.no\/10\/tlute\/wp-json\/wp\/v2\/comments?post=70"}],"version-history":[{"count":32,"href":"https:\/\/tyrving.idrett.no\/10\/tlute\/wp-json\/wp\/v2\/pages\/70\/revisions"}],"predecessor-version":[{"id":1978,"href":"https:\/\/tyrving.idrett.no\/10\/tlute\/wp-json\/wp\/v2\/pages\/70\/revisions\/1978"}],"up":[{"embeddable":true,"href":"https:\/\/tyrving.idrett.no\/10\/tlute\/wp-json\/wp\/v2\/pages\/43"}],"wp:attachment":[{"href":"https:\/\/tyrving.idrett.no\/10\/tlute\/wp-json\/wp\/v2\/media?parent=70"}],"curies":[{"name":"wp","href":"https:\/\/api.w.org\/{rel}","templated":true}]}}